{"id":11158,"date":"2023-05-15T10:48:27","date_gmt":"2023-05-15T08:48:27","guid":{"rendered":"https:\/\/www.tenutaterravita.it\/grazie-degustazione\/"},"modified":"2025-05-20T16:43:45","modified_gmt":"2025-05-20T14:43:45","slug":"dankeschoen-verkostung","status":"publish","type":"page","link":"https:\/\/www.tenutaterravita.it\/de\/dankeschoen-verkostung\/","title":{"rendered":"Dankesch\u00f6n Verkostung"},"content":{"rendered":"\t\t<div data-elementor-type=\"wp-page\" data-elementor-id=\"11158\" class=\"elementor elementor-11158 elementor-9344\">\n\t\t\t\t\t\t<section class=\"elementor-section elementor-top-section elementor-element elementor-element-c9042e3 elementor-section-full_width qodef-elementor-content-grid elementor-section-height-default elementor-section-height-default\" data-id=\"c9042e3\" data-element_type=\"section\">\n\t\t\t\t\t\t<div class=\"elementor-container elementor-column-gap-no\">\n\t\t\t\t\t<div class=\"elementor-column elementor-col-100 elementor-top-column elementor-element elementor-element-cc5b1cc\" data-id=\"cc5b1cc\" data-element_type=\"column\">\n\t\t\t<div class=\"elementor-widget-wrap elementor-element-populated\">\n\t\t\t\t\t\t<div class=\"elementor-element elementor-element-c85c857 elementor-widget elementor-widget-heading\" data-id=\"c85c857\" data-element_type=\"widget\" data-widget_type=\"heading.default\">\n\t\t\t\t<div class=\"elementor-widget-container\">\n\t\t\t\t\t<h2 class=\"elementor-heading-title elementor-size-default\">Vielen Dank f\u00fcr Ihre Aufmerksamkeit.<\/h2>\t\t\t\t<\/div>\n\t\t\t\t<\/div>\n\t\t\t\t<div class=\"elementor-element elementor-element-1002e55 elementor-widget elementor-widget-text-editor\" data-id=\"1002e55\" data-element_type=\"widget\" data-widget_type=\"text-editor.default\">\n\t\t\t\t<div class=\"elementor-widget-container\">\n\t\t\t\t\t\t\t\t\t<p>Ihre Anfrage wurde erfolgreich abgeschickt. Sie werden in K\u00fcrze eine Antwort von unseren Mitarbeitern erhalten.<\/p>\t\t\t\t\t\t\t\t<\/div>\n\t\t\t\t<\/div>\n\t\t\t\t<section class=\"elementor-section elementor-inner-section elementor-element elementor-element-f62eeff elementor-section-boxed elementor-section-height-default elementor-section-height-default qodef-elementor-content-no\" data-id=\"f62eeff\" data-element_type=\"section\">\n\t\t\t\t\t\t<div class=\"elementor-container elementor-column-gap-default\">\n\t\t\t\t\t<div class=\"elementor-column elementor-col-33 elementor-inner-column elementor-element elementor-element-b877f15\" data-id=\"b877f15\" data-element_type=\"column\">\n\t\t\t<div class=\"elementor-widget-wrap elementor-element-populated\">\n\t\t\t\t\t\t<div class=\"elementor-element elementor-element-920dce9 elementor-widget elementor-widget-text-editor\" data-id=\"920dce9\" data-element_type=\"widget\" data-widget_type=\"text-editor.default\">\n\t\t\t\t<div class=\"elementor-widget-container\">\n\t\t\t\t\t\t\t\t\t<p><strong>TerraVita Societ\u00e0 Agricola S.S.<\/strong><br \/>Localit\u00e0 Gregana, 198<br \/>57028 Suvereto &#8211; LI &#8211; Toskana, Italien<\/p>\t\t\t\t\t\t\t\t<\/div>\n\t\t\t\t<\/div>\n\t\t\t\t\t<\/div>\n\t\t<\/div>\n\t\t\t\t<div class=\"elementor-column elementor-col-33 elementor-inner-column elementor-element elementor-element-6831a64\" data-id=\"6831a64\" data-element_type=\"column\">\n\t\t\t<div class=\"elementor-widget-wrap elementor-element-populated\">\n\t\t\t\t\t\t<div class=\"elementor-element elementor-element-2092e90 elementor-widget elementor-widget-text-editor\" data-id=\"2092e90\" data-element_type=\"widget\" data-widget_type=\"text-editor.default\">\n\t\t\t\t<div class=\"elementor-widget-container\">\n\t\t\t\t\t\t\t\t\t<p>Kontaktieren Sie uns per E-Mail<\/p><p><span style=\"color: #b86e58;\"><a style=\"color: #b86e58;\" href=\"mailto:info@tenutaterravita.it\">info@tenutaterravita.it<\/a><\/span><\/p><p>Telefon:<span style=\"color: #b86e58;\"> <a style=\"color: #b86e58;\" href=\"tel:\/\/+393889892188\">+39 388 9892188<\/a><\/span><\/p>\t\t\t\t\t\t\t\t<\/div>\n\t\t\t\t<\/div>\n\t\t\t\t\t<\/div>\n\t\t<\/div>\n\t\t\t\t<div class=\"elementor-column elementor-col-33 elementor-inner-column elementor-element elementor-element-9d1807a\" data-id=\"9d1807a\" data-element_type=\"column\">\n\t\t\t<div class=\"elementor-widget-wrap elementor-element-populated\">\n\t\t\t\t\t\t<div class=\"elementor-element elementor-element-efcf935 elementor-shape-circle e-grid-align-left elementor-grid-0 elementor-widget elementor-widget-social-icons\" data-id=\"efcf935\" data-element_type=\"widget\" data-widget_type=\"social-icons.default\">\n\t\t\t\t<div class=\"elementor-widget-container\">\n\t\t\t\t\t\t\t<div class=\"elementor-social-icons-wrapper elementor-grid\" role=\"list\">\n\t\t\t\t\t\t\t<span class=\"elementor-grid-item\" role=\"listitem\">\n\t\t\t\t\t<a class=\"elementor-icon elementor-social-icon elementor-social-icon-facebook elementor-repeater-item-2c9d984\" href=\"https:\/\/www.facebook.com\/tenutaterravita\" target=\"_blank\" rel=\"noopener\">\n\t\t\t\t\t\t<span class=\"elementor-screen-only\">Facebook<\/span>\n\t\t\t\t\t\t<i aria-hidden=\"true\" class=\"fab fa-facebook\"><\/i>\t\t\t\t\t<\/a>\n\t\t\t\t<\/span>\n\t\t\t\t\t\t\t<span class=\"elementor-grid-item\" role=\"listitem\">\n\t\t\t\t\t<a class=\"elementor-icon elementor-social-icon elementor-social-icon-instagram elementor-repeater-item-7e0458a\" href=\"https:\/\/www.instagram.com\/tenuta_terravita\/\" target=\"_blank\" rel=\"noopener\">\n\t\t\t\t\t\t<span class=\"elementor-screen-only\">Instagram<\/span>\n\t\t\t\t\t\t<i aria-hidden=\"true\" class=\"fab fa-instagram\"><\/i>\t\t\t\t\t<\/a>\n\t\t\t\t<\/span>\n\t\t\t\t\t<\/div>\n\t\t\t\t\t\t<\/div>\n\t\t\t\t<\/div>\n\t\t\t\t\t<\/div>\n\t\t<\/div>\n\t\t\t\t\t<\/div>\n\t\t<\/section>\n\t\t\t\t<div class=\"elementor-element elementor-element-408c083 elementor-widget elementor-widget-text-editor\" data-id=\"408c083\" data-element_type=\"widget\" data-widget_type=\"text-editor.default\">\n\t\t\t\t<div class=\"elementor-widget-container\">\n\t\t\t\t\t\t\t\t\t<p id=\"u258-9\"><iframe style=\"border: 0;\" src=\"https:\/\/www.google.com\/maps\/embed?pb=!1m14!1m8!1m3!1d11658.691477080403!2d10.7149059!3d43.0693473!3m2!1i1024!2i768!4f13.1!3m3!1m2!1s0x0%3A0x48d4bb1c3a0ecbd9!2sTenuta%20TerraVita%20S.S.!5e0!3m2!1sde!2sde!4v1636562741005!5m2!1sde!2sde\" width=\"600\" height=\"450\" allowfullscreen=\"allowfullscreen\"><\/iframe><\/p>\n<p id=\"u258-11\"><\/p>\t\t\t\t\t\t\t\t<\/div>\n\t\t\t\t<\/div>\n\t\t\t\t\t<\/div>\n\t\t<\/div>\n\t\t\t\t\t<\/div>\n\t\t<\/section>\n\t\t\t\t<\/div>\n\t\t","protected":false},"excerpt":{"rendered":"<p>Vielen Dank f\u00fcr Ihre Aufmerksamkeit. Ihre Anfrage wurde erfolgreich abgeschickt. Sie werden in K\u00fcrze eine Antwort von unseren Mitarbeitern erhalten. TerraVita Societ\u00e0 Agricola S.S. Localit\u00e0 Gregana, 198 57028 Suvereto &#8211; LI &#8211; Toskana, Italien Kontaktieren Sie uns per E-Mail info@tenutaterravita.it Telefon: +39 388 9892188 Facebook Instagram<\/p>\n","protected":false},"author":6,"featured_media":0,"parent":0,"menu_order":0,"comment_status":"closed","ping_status":"closed","template":"page-full-width.php","meta":{"footnotes":""},"class_list":["post-11158","page","type-page","status-publish","hentry"],"_links":{"self":[{"href":"https:\/\/www.tenutaterravita.it\/de\/wp-json\/wp\/v2\/pages\/11158","targetHints":{"allow":["GET"]}}],"collection":[{"href":"https:\/\/www.tenutaterravita.it\/de\/wp-json\/wp\/v2\/pages"}],"about":[{"href":"https:\/\/www.tenutaterravita.it\/de\/wp-json\/wp\/v2\/types\/page"}],"author":[{"embeddable":true,"href":"https:\/\/www.tenutaterravita.it\/de\/wp-json\/wp\/v2\/users\/6"}],"replies":[{"embeddable":true,"href":"https:\/\/www.tenutaterravita.it\/de\/wp-json\/wp\/v2\/comments?post=11158"}],"version-history":[{"count":5,"href":"https:\/\/www.tenutaterravita.it\/de\/wp-json\/wp\/v2\/pages\/11158\/revisions"}],"predecessor-version":[{"id":11756,"href":"https:\/\/www.tenutaterravita.it\/de\/wp-json\/wp\/v2\/pages\/11158\/revisions\/11756"}],"wp:attachment":[{"href":"https:\/\/www.tenutaterravita.it\/de\/wp-json\/wp\/v2\/media?parent=11158"}],"curies":[{"name":"wp","href":"https:\/\/api.w.org\/{rel}","templated":true}]}}