{"id":11162,"date":"2023-03-16T07:00:05","date_gmt":"2023-03-16T06:00:05","guid":{"rendered":"https:\/\/www.tenutaterravita.it\/vini-biodinamici-toscana\/"},"modified":"2025-04-23T15:40:36","modified_gmt":"2025-04-23T13:40:36","slug":"weine","status":"publish","type":"page","link":"https:\/\/www.tenutaterravita.it\/de\/weine\/","title":{"rendered":"Weine"},"content":{"rendered":"\t\t<div data-elementor-type=\"wp-page\" data-elementor-id=\"11162\" class=\"elementor elementor-11162 elementor-8593\">\n\t\t\t\t\t\t<section class=\"elementor-section elementor-top-section elementor-element elementor-element-e16493c elementor-section-full_width elementor-section-stretched elementor-section-height-default elementor-section-height-default qodef-elementor-content-no\" data-id=\"e16493c\" data-element_type=\"section\" data-settings=\"{&quot;stretch_section&quot;:&quot;section-stretched&quot;}\">\n\t\t\t\t\t\t<div class=\"elementor-container elementor-column-gap-default\">\n\t\t\t\t\t<div class=\"elementor-column elementor-col-100 elementor-top-column elementor-element elementor-element-6f340d5\" data-id=\"6f340d5\" data-element_type=\"column\">\n\t\t\t<div class=\"elementor-widget-wrap elementor-element-populated\">\n\t\t\t\t\t\t<section class=\"elementor-section elementor-inner-section elementor-element elementor-element-3877933 elementor-section-boxed elementor-section-height-default elementor-section-height-default qodef-elementor-content-no\" data-id=\"3877933\" data-element_type=\"section\">\n\t\t\t\t\t\t<div class=\"elementor-container elementor-column-gap-default\">\n\t\t\t\t\t<div class=\"elementor-column elementor-col-100 elementor-inner-column elementor-element elementor-element-09321dc\" data-id=\"09321dc\" data-element_type=\"column\">\n\t\t\t<div class=\"elementor-widget-wrap elementor-element-populated\">\n\t\t\t\t\t\t<div class=\"elementor-element elementor-element-96cf739 elementor-widget elementor-widget-text-editor\" data-id=\"96cf739\" data-element_type=\"widget\" data-widget_type=\"text-editor.default\">\n\t\t\t\t<div class=\"elementor-widget-container\">\n\t\t\t\t\t\t\t\t\t<h1 style=\"text-align: center; color: #b86e59;\">Biodynamische Weine<\/h1><p>Zuerst kommt der Boden.<br \/>Die biodynamische Bodenbearbeitung erfordert Engagement und Konsequenz.<br \/><span style=\"color: var( --e-global-color-secondary );\"><br \/><\/span><span style=\"color: var( --e-global-color-secondary );\">Unsere Naturweine sind das Ergebnis sorgf\u00e4ltiger und konstanter Arbeit im Weinberg, sonniger Tage und des Geschmacks des Windes.<br \/>Im Keller erfolgt die Weinbereitung mit einheimischen Hefen; der Wein wird weder gefiltert noch gekl\u00e4rt; moderne Technologien und archaische Traditionen beschr\u00e4nken sich darauf, die Eigenheiten, die die Natur unseren Trauben verliehen hat, nicht zu beeintr\u00e4chtigen.<\/span><\/p><p>Die Weinberge von TerraVita umfassen die Rebsorten <em>Sangiovese<\/em> und <em>Pugnitello<\/em> sowie franz\u00f6sische Sorten: <em>Grenache, Petit Verdot<\/em> und <em>Cabernet Franc<\/em>.<\/p><p>Das Terroir spiegelt sich im Bouquet wider, in den Empfindungen, die der Wein vermittelt. Die Jahrtausende der Arbeit, die Generationen, die das Land gepr\u00e4gt haben, setzen sich im Glas ab.<strong> Besuchen Sie Suvereto<\/strong> und betreten Sie unseren Weinkeller, um die gesamte Palette unserer nat\u00fcrlichen Weine zu verkosten.<\/p>\t\t\t\t\t\t\t\t<\/div>\n\t\t\t\t<\/div>\n\t\t\t\t\t<\/div>\n\t\t<\/div>\n\t\t\t\t\t<\/div>\n\t\t<\/section>\n\t\t\t\t\t<\/div>\n\t\t<\/div>\n\t\t\t\t\t<\/div>\n\t\t<\/section>\n\t\t<div class=\"elementor-element elementor-element-baa6bd3 e-con-full e-flex e-con e-parent\" data-id=\"baa6bd3\" data-element_type=\"container\">\n\t\t\t\t<div class=\"elementor-element elementor-element-fc95551 elementor-widget elementor-widget-alloggio_core_product_list\" data-id=\"fc95551\" data-element_type=\"widget\" data-widget_type=\"alloggio_core_product_list.default\">\n\t\t\t\t<div class=\"elementor-widget-container\">\n\t\t\t\t\t<div class=\"qodef-shortcode qodef-m  qodef-woo-shortcode qodef-woo-product-list qodef-item-layout--info-below qodef-grid qodef-layout--columns  qodef-gutter--normal qodef-col-num--5 qodef-item-layout--info-below qodef--no-bottom-space qodef-pagination--off qodef-responsive--predefined\" data-options=\"{&quot;plugin&quot;:&quot;alloggio_core&quot;,&quot;module&quot;:&quot;plugins\\\/woocommerce\\\/shortcodes&quot;,&quot;shortcode&quot;:&quot;product-list&quot;,&quot;post_type&quot;:&quot;product&quot;,&quot;next_page&quot;:&quot;2&quot;,&quot;max_pages_num&quot;:0,&quot;behavior&quot;:&quot;columns&quot;,&quot;images_proportion&quot;:&quot;full&quot;,&quot;columns&quot;:&quot;5&quot;,&quot;columns_responsive&quot;:&quot;predefined&quot;,&quot;space&quot;:&quot;normal&quot;,&quot;posts_per_page&quot;:&quot;-1&quot;,&quot;orderby&quot;:&quot;date&quot;,&quot;order&quot;:&quot;DESC&quot;,&quot;additional_params&quot;:&quot;id&quot;,&quot;post_ids&quot;:&quot;11185,11188,11183,11179,11177&quot;,&quot;layout&quot;:&quot;info-below&quot;,&quot;title_tag&quot;:&quot;h4&quot;,&quot;pagination_type&quot;:&quot;no-pagination&quot;,&quot;object_class_name&quot;:&quot;AlloggioCoreProductListShortcode&quot;,&quot;taxonomy_filter&quot;:&quot;product_cat&quot;,&quot;additional_query_args&quot;:{&quot;orderby&quot;:&quot;post__in&quot;,&quot;post__in&quot;:[&quot;11185&quot;,&quot;11188&quot;,&quot;11183&quot;,&quot;11179&quot;,&quot;11177&quot;]},&quot;space_value&quot;:15}\">\n\t\t<div class=\"qodef-grid-inner clear\">\n\t\t<div class=\"qodef-e qodef-grid-item qodef-item--full product type-product post-11185 status-publish first instock product_cat-cabernet-franc-de product_cat-cabernet-sauvignon-de has-post-thumbnail shipping-taxable purchasable product-type-variable has-default-attributes\">\n    <div class=\"qodef-woo-product-inner\">\n\t\t            <div class=\"qodef-woo-product-image\">\n\t\t\t\t\t\t\t\t<img fetchpriority=\"high\" decoding=\"async\" width=\"455\" height=\"1024\" src=\"https:\/\/www.tenutaterravita.it\/wp-content\/uploads\/2025\/03\/SoleRica-2022-Vini-Terravita-1.png\" class=\"attachment-full size-full wp-post-image\" alt=\"\" srcset=\"https:\/\/www.tenutaterravita.it\/wp-content\/uploads\/2025\/03\/SoleRica-2022-Vini-Terravita-1.png 455w, https:\/\/www.tenutaterravita.it\/wp-content\/uploads\/2025\/03\/SoleRica-2022-Vini-Terravita-1-133x300.png 133w, https:\/\/www.tenutaterravita.it\/wp-content\/uploads\/2025\/03\/SoleRica-2022-Vini-Terravita-1-300x675.png 300w\" sizes=\"(max-width: 455px) 100vw, 455px\" \/>                <div class=\"qodef-woo-product-image-inner\">\n\t\t\t\t\t<a href=\"https:\/\/www.tenutaterravita.it\/de\/prodotto\/solerica\/\" aria-describedby=\"woocommerce_loop_add_to_cart_link_describedby_11185\" data-quantity=\"1\" class=\"button product_type_variable add_to_cart_button\" data-product_id=\"11185\" data-product_sku=\"SOLERICA\" aria-label=\"W\u00e4hle Optionen f\u00fcr \u201eSoleRica\u201c\" rel=\"nofollow\">Ausf\u00fchrung w\u00e4hlen<\/a>\t<span id=\"woocommerce_loop_add_to_cart_link_describedby_11185\" class=\"screen-reader-text\">\n\t\tDieses Produkt weist mehrere Varianten auf. Die Optionen k\u00f6nnen auf der Produktseite gew\u00e4hlt werden\t<\/span>\n                <\/div>\n            <\/div>\n\t\t        <div class=\"qodef-woo-product-content\">\n\t\t\t\t<div class=\"qodef-woo-product-categories\"><a href=\"https:\/\/www.tenutaterravita.it\/de\/product-category\/cabernet-franc-de\/\" rel=\"tag\">Cabernet Franc<\/a><span class=\"qodef-category-separator\"><\/span><a href=\"https:\/\/www.tenutaterravita.it\/de\/product-category\/cabernet-sauvignon-de\/\" rel=\"tag\">Cabernet Sauvignon<\/a><\/div>\n\t\t\t<h4 itemprop=\"name\" class=\"qodef-woo-product-title entry-title\" >\n\t<a itemprop=\"url\" class=\"qodef-woo-product-title-link\" href=\"https:\/\/www.tenutaterravita.it\/de\/prodotto\/solerica\/\">\n\t\tSoleRica\t<\/a>\n<\/h4>\t\t\t\t\t\t\t\t<div class=\"qodef-woo-product-price price\"><span class=\"woocommerce-Price-amount amount\">25,00<span class=\"woocommerce-Price-currencySymbol\">&euro;<\/span><\/span><\/div>\n\t\t\t\t        <\/div>\n\t\t<a href=\"https:\/\/www.tenutaterravita.it\/de\/prodotto\/solerica\/\" class=\"woocommerce-LoopProduct-link woocommerce-loop-product__link\"><\/a>    <\/div>\n<\/div><div class=\"qodef-e qodef-grid-item qodef-item--full product type-product post-11188 status-publish instock product_cat-sangiovese-de has-post-thumbnail shipping-taxable purchasable product-type-variable has-default-attributes\">\n    <div class=\"qodef-woo-product-inner\">\n\t\t            <div class=\"qodef-woo-product-image\">\n\t\t\t\t\t\t\t\t<img decoding=\"async\" width=\"455\" height=\"1024\" src=\"https:\/\/www.tenutaterravita.it\/wp-content\/uploads\/2025\/02\/Aimat-2022-Vini-Terravita.jpg\" class=\"attachment-full size-full wp-post-image\" alt=\"\" srcset=\"https:\/\/www.tenutaterravita.it\/wp-content\/uploads\/2025\/02\/Aimat-2022-Vini-Terravita.jpg 455w, https:\/\/www.tenutaterravita.it\/wp-content\/uploads\/2025\/02\/Aimat-2022-Vini-Terravita-133x300.jpg 133w, https:\/\/www.tenutaterravita.it\/wp-content\/uploads\/2025\/02\/Aimat-2022-Vini-Terravita-300x675.jpg 300w\" sizes=\"(max-width: 455px) 100vw, 455px\" \/>                <div class=\"qodef-woo-product-image-inner\">\n\t\t\t\t\t<a href=\"https:\/\/www.tenutaterravita.it\/de\/prodotto\/aimat\/\" aria-describedby=\"woocommerce_loop_add_to_cart_link_describedby_11188\" data-quantity=\"1\" class=\"button product_type_variable add_to_cart_button\" data-product_id=\"11188\" data-product_sku=\"AIMAT\" aria-label=\"W\u00e4hle Optionen f\u00fcr \u201eAiMat\u201c\" rel=\"nofollow\">Ausf\u00fchrung w\u00e4hlen<\/a>\t<span id=\"woocommerce_loop_add_to_cart_link_describedby_11188\" class=\"screen-reader-text\">\n\t\tDieses Produkt weist mehrere Varianten auf. Die Optionen k\u00f6nnen auf der Produktseite gew\u00e4hlt werden\t<\/span>\n                <\/div>\n            <\/div>\n\t\t        <div class=\"qodef-woo-product-content\">\n\t\t\t\t<div class=\"qodef-woo-product-categories\"><a href=\"https:\/\/www.tenutaterravita.it\/de\/product-category\/sangiovese-de\/\" rel=\"tag\">Sangiovese<\/a><\/div>\n\t\t\t<h4 itemprop=\"name\" class=\"qodef-woo-product-title entry-title\" >\n\t<a itemprop=\"url\" class=\"qodef-woo-product-title-link\" href=\"https:\/\/www.tenutaterravita.it\/de\/prodotto\/aimat\/\">\n\t\tAiMat\t<\/a>\n<\/h4>\t\t\t\t\t\t\t\t<div class=\"qodef-woo-product-price price\"><span class=\"woocommerce-Price-amount amount\">25,00<span class=\"woocommerce-Price-currencySymbol\">&euro;<\/span><\/span><\/div>\n\t\t\t\t        <\/div>\n\t\t<a href=\"https:\/\/www.tenutaterravita.it\/de\/prodotto\/aimat\/\" class=\"woocommerce-LoopProduct-link woocommerce-loop-product__link\"><\/a>    <\/div>\n<\/div><div class=\"qodef-e qodef-grid-item qodef-item--full product type-product post-11183 status-publish last instock product_cat-grenache-de product_cat-sangiovese-de has-post-thumbnail shipping-taxable purchasable product-type-variable has-default-attributes\">\n    <div class=\"qodef-woo-product-inner\">\n\t\t            <div class=\"qodef-woo-product-image\">\n\t\t\t\t\t\t\t\t<img decoding=\"async\" width=\"455\" height=\"1024\" src=\"https:\/\/www.tenutaterravita.it\/wp-content\/uploads\/2025\/02\/Aurora-2022-Vini-Terravita.jpg\" class=\"attachment-full size-full wp-post-image\" alt=\"\" srcset=\"https:\/\/www.tenutaterravita.it\/wp-content\/uploads\/2025\/02\/Aurora-2022-Vini-Terravita.jpg 455w, https:\/\/www.tenutaterravita.it\/wp-content\/uploads\/2025\/02\/Aurora-2022-Vini-Terravita-133x300.jpg 133w, https:\/\/www.tenutaterravita.it\/wp-content\/uploads\/2025\/02\/Aurora-2022-Vini-Terravita-300x675.jpg 300w\" sizes=\"(max-width: 455px) 100vw, 455px\" \/>                <div class=\"qodef-woo-product-image-inner\">\n\t\t\t\t\t<a href=\"https:\/\/www.tenutaterravita.it\/de\/prodotto\/aurora\/\" aria-describedby=\"woocommerce_loop_add_to_cart_link_describedby_11183\" data-quantity=\"1\" class=\"button product_type_variable add_to_cart_button\" data-product_id=\"11183\" data-product_sku=\"AURORA\" aria-label=\"W\u00e4hle Optionen f\u00fcr \u201eAurora\u201c\" rel=\"nofollow\">Ausf\u00fchrung w\u00e4hlen<\/a>\t<span id=\"woocommerce_loop_add_to_cart_link_describedby_11183\" class=\"screen-reader-text\">\n\t\tDieses Produkt weist mehrere Varianten auf. Die Optionen k\u00f6nnen auf der Produktseite gew\u00e4hlt werden\t<\/span>\n                <\/div>\n            <\/div>\n\t\t        <div class=\"qodef-woo-product-content\">\n\t\t\t\t<div class=\"qodef-woo-product-categories\"><a href=\"https:\/\/www.tenutaterravita.it\/de\/product-category\/grenache-de\/\" rel=\"tag\">Grenache<\/a><span class=\"qodef-category-separator\"><\/span><a href=\"https:\/\/www.tenutaterravita.it\/de\/product-category\/sangiovese-de\/\" rel=\"tag\">Sangiovese<\/a><\/div>\n\t\t\t<h4 itemprop=\"name\" class=\"qodef-woo-product-title entry-title\" >\n\t<a itemprop=\"url\" class=\"qodef-woo-product-title-link\" href=\"https:\/\/www.tenutaterravita.it\/de\/prodotto\/aurora\/\">\n\t\tAurora\t<\/a>\n<\/h4>\t\t\t\t\t\t\t\t<div class=\"qodef-woo-product-price price\"><span class=\"woocommerce-Price-amount amount\">20,00<span class=\"woocommerce-Price-currencySymbol\">&euro;<\/span><\/span><\/div>\n\t\t\t\t        <\/div>\n\t\t<a href=\"https:\/\/www.tenutaterravita.it\/de\/prodotto\/aurora\/\" class=\"woocommerce-LoopProduct-link woocommerce-loop-product__link\"><\/a>    <\/div>\n<\/div><div class=\"qodef-e qodef-grid-item qodef-item--full product type-product post-11179 status-publish first instock product_cat-trebbiano-toscano-de has-post-thumbnail shipping-taxable purchasable product-type-variable has-default-attributes\">\n    <div class=\"qodef-woo-product-inner\">\n\t\t            <div class=\"qodef-woo-product-image\">\n\t\t\t\t\t\t\t\t<img loading=\"lazy\" decoding=\"async\" width=\"455\" height=\"1024\" src=\"https:\/\/www.tenutaterravita.it\/wp-content\/uploads\/2025\/02\/Bastian-2023-Vini-Terravita.jpg\" class=\"attachment-full size-full wp-post-image\" alt=\"\" srcset=\"https:\/\/www.tenutaterravita.it\/wp-content\/uploads\/2025\/02\/Bastian-2023-Vini-Terravita.jpg 455w, https:\/\/www.tenutaterravita.it\/wp-content\/uploads\/2025\/02\/Bastian-2023-Vini-Terravita-133x300.jpg 133w, https:\/\/www.tenutaterravita.it\/wp-content\/uploads\/2025\/02\/Bastian-2023-Vini-Terravita-300x675.jpg 300w\" sizes=\"(max-width: 455px) 100vw, 455px\" \/>                <div class=\"qodef-woo-product-image-inner\">\n\t\t\t\t\t<a href=\"https:\/\/www.tenutaterravita.it\/de\/prodotto\/bastian\/\" aria-describedby=\"woocommerce_loop_add_to_cart_link_describedby_11179\" data-quantity=\"1\" class=\"button product_type_variable add_to_cart_button\" data-product_id=\"11179\" data-product_sku=\"BASTIAN\" aria-label=\"W\u00e4hle Optionen f\u00fcr \u201eBastian\u201c\" rel=\"nofollow\">Ausf\u00fchrung w\u00e4hlen<\/a>\t<span id=\"woocommerce_loop_add_to_cart_link_describedby_11179\" class=\"screen-reader-text\">\n\t\tDieses Produkt weist mehrere Varianten auf. Die Optionen k\u00f6nnen auf der Produktseite gew\u00e4hlt werden\t<\/span>\n                <\/div>\n            <\/div>\n\t\t        <div class=\"qodef-woo-product-content\">\n\t\t\t\t<div class=\"qodef-woo-product-categories\"><a href=\"https:\/\/www.tenutaterravita.it\/de\/product-category\/trebbiano-toscano-de\/\" rel=\"tag\">Trebbiano Toscano<\/a><\/div>\n\t\t\t<h4 itemprop=\"name\" class=\"qodef-woo-product-title entry-title\" >\n\t<a itemprop=\"url\" class=\"qodef-woo-product-title-link\" href=\"https:\/\/www.tenutaterravita.it\/de\/prodotto\/bastian\/\">\n\t\tBastian\t<\/a>\n<\/h4>\t\t\t\t\t\t\t\t<div class=\"qodef-woo-product-price price\"><span class=\"woocommerce-Price-amount amount\">20,00<span class=\"woocommerce-Price-currencySymbol\">&euro;<\/span><\/span><\/div>\n\t\t\t\t        <\/div>\n\t\t<a href=\"https:\/\/www.tenutaterravita.it\/de\/prodotto\/bastian\/\" class=\"woocommerce-LoopProduct-link woocommerce-loop-product__link\"><\/a>    <\/div>\n<\/div><div class=\"qodef-e qodef-grid-item qodef-item--full product type-product post-11177 status-publish instock product_cat-sangiovese-de has-post-thumbnail shipping-taxable purchasable product-type-variable has-default-attributes\">\n    <div class=\"qodef-woo-product-inner\">\n\t\t            <div class=\"qodef-woo-product-image\">\n\t\t\t\t\t\t\t\t<img loading=\"lazy\" decoding=\"async\" width=\"455\" height=\"1024\" src=\"https:\/\/www.tenutaterravita.it\/wp-content\/uploads\/2025\/02\/Fermento-2022-Vini-Terravita.jpg\" class=\"attachment-full size-full wp-post-image\" alt=\"\" srcset=\"https:\/\/www.tenutaterravita.it\/wp-content\/uploads\/2025\/02\/Fermento-2022-Vini-Terravita.jpg 455w, https:\/\/www.tenutaterravita.it\/wp-content\/uploads\/2025\/02\/Fermento-2022-Vini-Terravita-133x300.jpg 133w, https:\/\/www.tenutaterravita.it\/wp-content\/uploads\/2025\/02\/Fermento-2022-Vini-Terravita-300x675.jpg 300w\" sizes=\"(max-width: 455px) 100vw, 455px\" \/>                <div class=\"qodef-woo-product-image-inner\">\n\t\t\t\t\t<a href=\"https:\/\/www.tenutaterravita.it\/de\/prodotto\/fermento-2022\/\" aria-describedby=\"woocommerce_loop_add_to_cart_link_describedby_11177\" data-quantity=\"1\" class=\"button product_type_variable add_to_cart_button\" data-product_id=\"11177\" data-product_sku=\"FERMENTO\" aria-label=\"W\u00e4hle Optionen f\u00fcr \u201eFermento\u201c\" rel=\"nofollow\">Ausf\u00fchrung w\u00e4hlen<\/a>\t<span id=\"woocommerce_loop_add_to_cart_link_describedby_11177\" class=\"screen-reader-text\">\n\t\tDieses Produkt weist mehrere Varianten auf. Die Optionen k\u00f6nnen auf der Produktseite gew\u00e4hlt werden\t<\/span>\n                <\/div>\n            <\/div>\n\t\t        <div class=\"qodef-woo-product-content\">\n\t\t\t\t<div class=\"qodef-woo-product-categories\"><a href=\"https:\/\/www.tenutaterravita.it\/de\/product-category\/sangiovese-de\/\" rel=\"tag\">Sangiovese<\/a><\/div>\n\t\t\t<h4 itemprop=\"name\" class=\"qodef-woo-product-title entry-title\" >\n\t<a itemprop=\"url\" class=\"qodef-woo-product-title-link\" href=\"https:\/\/www.tenutaterravita.it\/de\/prodotto\/fermento-2022\/\">\n\t\tFermento\t<\/a>\n<\/h4>\t\t\t\t\t\t\t\t<div class=\"qodef-woo-product-price price\"><span class=\"woocommerce-Price-amount amount\">20,00<span class=\"woocommerce-Price-currencySymbol\">&euro;<\/span><\/span><\/div>\n\t\t\t\t        <\/div>\n\t\t<a href=\"https:\/\/www.tenutaterravita.it\/de\/prodotto\/fermento-2022\/\" class=\"woocommerce-LoopProduct-link woocommerce-loop-product__link\"><\/a>    <\/div>\n<\/div>\t<\/div>\n\t<\/div>\t\t\t\t<\/div>\n\t\t\t\t<\/div>\n\t\t\t\t<\/div>\n\t\t\t\t<section class=\"elementor-section elementor-top-section elementor-element elementor-element-39fd05d0 elementor-section-full_width qodef-elementor-content-grid elementor-section-height-default elementor-section-height-default\" data-id=\"39fd05d0\" data-element_type=\"section\" id=\"form\">\n\t\t\t\t\t\t<div class=\"elementor-container elementor-column-gap-no\">\n\t\t\t\t\t<div class=\"elementor-column elementor-col-100 elementor-top-column elementor-element elementor-element-246e215a\" data-id=\"246e215a\" data-element_type=\"column\">\n\t\t\t<div class=\"elementor-widget-wrap elementor-element-populated\">\n\t\t\t\t\t\t<section class=\"elementor-section elementor-inner-section elementor-element elementor-element-57cc9a1f elementor-section-boxed elementor-section-height-default elementor-section-height-default qodef-elementor-content-no\" data-id=\"57cc9a1f\" data-element_type=\"section\">\n\t\t\t\t\t\t<div class=\"elementor-container elementor-column-gap-default\">\n\t\t\t\t\t<div class=\"elementor-column elementor-col-100 elementor-inner-column elementor-element elementor-element-35c42cdb\" data-id=\"35c42cdb\" data-element_type=\"column\">\n\t\t\t<div class=\"elementor-widget-wrap elementor-element-populated\">\n\t\t\t\t\t\t<div class=\"elementor-element elementor-element-1a028807 elementor-widget elementor-widget-heading\" data-id=\"1a028807\" data-element_type=\"widget\" data-widget_type=\"heading.default\">\n\t\t\t\t<div class=\"elementor-widget-container\">\n\t\t\t\t\t<h2 class=\"elementor-heading-title elementor-size-default\">Buchen bei uns zahlt sich aus<\/h2>\t\t\t\t<\/div>\n\t\t\t\t<\/div>\n\t\t\t\t\t<\/div>\n\t\t<\/div>\n\t\t\t\t\t<\/div>\n\t\t<\/section>\n\t\t\t\t<section class=\"elementor-section elementor-inner-section elementor-element elementor-element-2e77787e elementor-section-boxed elementor-section-height-default elementor-section-height-default qodef-elementor-content-no\" data-id=\"2e77787e\" data-element_type=\"section\">\n\t\t\t\t\t\t<div class=\"elementor-container elementor-column-gap-default\">\n\t\t\t\t\t<div class=\"elementor-column elementor-col-50 elementor-inner-column elementor-element elementor-element-5bb249fa\" data-id=\"5bb249fa\" data-element_type=\"column\" data-settings=\"{&quot;background_background&quot;:&quot;classic&quot;}\">\n\t\t\t<div class=\"elementor-widget-wrap elementor-element-populated\">\n\t\t\t\t\t\t<div class=\"elementor-element elementor-element-438c8402 elementor-widget elementor-widget-text-editor\" data-id=\"438c8402\" data-element_type=\"widget\" data-widget_type=\"text-editor.default\">\n\t\t\t\t<div class=\"elementor-widget-container\">\n\t\t\t\t\t\t\t\t\t<ul>\n \t<li>Bester verf\u00fcgbarer Preis<\/li>\n \t<li>Ma\u00dfgeschneiderte Angebote<\/li>\n \t<li>Direkter Kontakt mit dem Personal<\/li>\n<\/ul>\t\t\t\t\t\t\t\t<\/div>\n\t\t\t\t<\/div>\n\t\t\t\t\t<\/div>\n\t\t<\/div>\n\t\t\t\t<div class=\"elementor-column elementor-col-50 elementor-inner-column elementor-element elementor-element-724d64ae\" data-id=\"724d64ae\" data-element_type=\"column\">\n\t\t\t<div class=\"elementor-widget-wrap elementor-element-populated\">\n\t\t\t\t\t\t<div class=\"elementor-element elementor-element-55011322 elementor-widget elementor-widget-text-editor\" data-id=\"55011322\" data-element_type=\"widget\" data-widget_type=\"text-editor.default\">\n\t\t\t\t<div class=\"elementor-widget-container\">\n\t\t\t\t\t\t\t\t\t<style>\n  iframe {width: 1px;min-width: 100%;}<\/style>\n\n<script src=\"https:\/\/www.berevenue.it\/wp-includes\/js\/iframeResizer.min.js\"><\/script>\n<iframe id=\"quotebox\" src=\"https:\/\/be.quovai.com\/be\/tenutaterravita\/quote-box\" scrolling=\"no\"><\/iframe>\n<script>\n  iFrameResize({ log: true }, '#quotebox')\n<\/script>\t\t\t\t\t\t\t\t<\/div>\n\t\t\t\t<\/div>\n\t\t\t\t\t<\/div>\n\t\t<\/div>\n\t\t\t\t\t<\/div>\n\t\t<\/section>\n\t\t\t\t\t<\/div>\n\t\t<\/div>\n\t\t\t\t\t<\/div>\n\t\t<\/section>\n\t\t\t\t<\/div>\n\t\t","protected":false},"excerpt":{"rendered":"<p>Biodynamische Weine Zuerst kommt der Boden.Die biodynamische Bodenbearbeitung erfordert Engagement und Konsequenz. Unsere Naturweine sind das Ergebnis sorgf\u00e4ltiger und konstanter Arbeit im Weinberg, sonniger Tage und des Geschmacks des Windes.Im Keller erfolgt die Weinbereitung mit einheimischen Hefen; der Wein wird weder gefiltert noch gekl\u00e4rt; moderne Technologien und archaische Traditionen beschr\u00e4nken sich darauf, die Eigenheiten, die [&hellip;]<\/p>\n","protected":false},"author":10,"featured_media":0,"parent":0,"menu_order":0,"comment_status":"closed","ping_status":"closed","template":"page-full-width.php","meta":{"footnotes":""},"class_list":["post-11162","page","type-page","status-publish","hentry"],"_links":{"self":[{"href":"https:\/\/www.tenutaterravita.it\/de\/wp-json\/wp\/v2\/pages\/11162","targetHints":{"allow":["GET"]}}],"collection":[{"href":"https:\/\/www.tenutaterravita.it\/de\/wp-json\/wp\/v2\/pages"}],"about":[{"href":"https:\/\/www.tenutaterravita.it\/de\/wp-json\/wp\/v2\/types\/page"}],"author":[{"embeddable":true,"href":"https:\/\/www.tenutaterravita.it\/de\/wp-json\/wp\/v2\/users\/10"}],"replies":[{"embeddable":true,"href":"https:\/\/www.tenutaterravita.it\/de\/wp-json\/wp\/v2\/comments?post=11162"}],"version-history":[{"count":5,"href":"https:\/\/www.tenutaterravita.it\/de\/wp-json\/wp\/v2\/pages\/11162\/revisions"}],"predecessor-version":[{"id":11346,"href":"https:\/\/www.tenutaterravita.it\/de\/wp-json\/wp\/v2\/pages\/11162\/revisions\/11346"}],"wp:attachment":[{"href":"https:\/\/www.tenutaterravita.it\/de\/wp-json\/wp\/v2\/media?parent=11162"}],"curies":[{"name":"wp","href":"https:\/\/api.w.org\/{rel}","templated":true}]}}