{"id":11200,"date":"2021-05-06T13:55:48","date_gmt":"2021-05-06T11:55:48","guid":{"rendered":"https:\/\/www.tenutaterravita.it\/azienda-vinicola-toscana\/"},"modified":"2025-04-23T14:52:35","modified_gmt":"2025-04-23T12:52:35","slug":"weingut","status":"publish","type":"page","link":"https:\/\/www.tenutaterravita.it\/de\/weingut\/","title":{"rendered":"Weingut"},"content":{"rendered":"\t\t<div data-elementor-type=\"wp-page\" data-elementor-id=\"11200\" class=\"elementor elementor-11200 elementor-4674\">\n\t\t\t\t\t\t<section class=\"elementor-section elementor-top-section elementor-element elementor-element-55bc024 elementor-section-full_width qodef-elementor-content-grid elementor-section-height-default elementor-section-height-default\" data-id=\"55bc024\" data-element_type=\"section\">\n\t\t\t\t\t\t<div class=\"elementor-container elementor-column-gap-no\">\n\t\t\t\t\t<div class=\"elementor-column elementor-col-100 elementor-top-column elementor-element elementor-element-5abf0b6\" data-id=\"5abf0b6\" data-element_type=\"column\">\n\t\t\t<div class=\"elementor-widget-wrap elementor-element-populated\">\n\t\t\t\t\t\t<section class=\"elementor-section elementor-inner-section elementor-element elementor-element-624a288 elementor-section-boxed elementor-section-height-default elementor-section-height-default qodef-elementor-content-no\" data-id=\"624a288\" data-element_type=\"section\">\n\t\t\t\t\t\t<div class=\"elementor-container elementor-column-gap-default\">\n\t\t\t\t\t<div class=\"elementor-column elementor-col-100 elementor-inner-column elementor-element elementor-element-561ff25\" data-id=\"561ff25\" data-element_type=\"column\">\n\t\t\t<div class=\"elementor-widget-wrap elementor-element-populated\">\n\t\t\t\t\t\t<div class=\"elementor-element elementor-element-b005b0c elementor-widget__width-inherit elementor-widget elementor-widget-text-editor\" data-id=\"b005b0c\" data-element_type=\"widget\" data-widget_type=\"text-editor.default\">\n\t\t\t\t<div class=\"elementor-widget-container\">\n\t\t\t\t\t\t\t\t\t<h1 style=\"text-align: center; color: #b86e59;\">Das Weingut<\/h1><p>TerraVita ist eine Weinkellerei, die in der Toskana in Suvereto aus einem Projekt von Carlo Andrea und Chiara entstanden ist, die w\u00e4hrend eines Urlaubs in der Maremma von der Sch\u00f6nheit eines Gebiets beeindruckt waren, das die toskanische Landschaft mit dem Meer verbindet.<\/p><p>Gemeinsam beschlossen sie, eine einfache und zugleich ehrgeizige Idee ins Leben zu rufen: durch die Techniken der <strong><a href=\"\/de\/biodynamischen-landwirtschaft\">biodynamischen Landwirtschaft<\/a><\/strong>, den Respekt vor der Erde und den Emotionen und Reaktionen, die sie uns tagt\u00e4glich vermittelt, Produzenten von nat\u00fcrlichen Weinen zu werden.<\/p>\t\t\t\t\t\t\t\t<\/div>\n\t\t\t\t<\/div>\n\t\t\t\t\t<\/div>\n\t\t<\/div>\n\t\t\t\t\t<\/div>\n\t\t<\/section>\n\t\t\t\t<section class=\"elementor-section elementor-inner-section elementor-element elementor-element-9e0e22d elementor-section-boxed elementor-section-height-default elementor-section-height-default qodef-elementor-content-no\" data-id=\"9e0e22d\" data-element_type=\"section\">\n\t\t\t\t\t\t<div class=\"elementor-container elementor-column-gap-default\">\n\t\t\t\t\t<div class=\"elementor-column elementor-col-50 elementor-inner-column elementor-element elementor-element-fa8c3d1\" data-id=\"fa8c3d1\" data-element_type=\"column\">\n\t\t\t<div class=\"elementor-widget-wrap elementor-element-populated\">\n\t\t\t\t\t\t<div class=\"elementor-element elementor-element-ef01071 elementor-widget elementor-widget-image\" data-id=\"ef01071\" data-element_type=\"widget\" data-widget_type=\"image.default\">\n\t\t\t\t<div class=\"elementor-widget-container\">\n\t\t\t\t\t\t\t\t\t\t\t\t\t\t\t\t<a href=\"https:\/\/www.tenutaterravita.it\/wp-content\/uploads\/2021\/10\/00677-Terravita.jpg\" data-elementor-open-lightbox=\"yes\" data-elementor-lightbox-title=\"Azienda agricola terravita suvereto toscana bambini\" data-e-action-hash=\"#elementor-action%3Aaction%3Dlightbox%26settings%3DeyJpZCI6MTEwMzAsInVybCI6Imh0dHBzOlwvXC93d3cudGVudXRhdGVycmF2aXRhLml0XC93cC1jb250ZW50XC91cGxvYWRzXC8yMDIxXC8xMFwvMDA2NzctVGVycmF2aXRhLmpwZyJ9\">\n\t\t\t\t\t\t\t<img fetchpriority=\"high\" decoding=\"async\" width=\"1024\" height=\"683\" src=\"https:\/\/www.tenutaterravita.it\/wp-content\/uploads\/2021\/10\/00677-Terravita-1024x683.jpg\" class=\"attachment-large size-large wp-image-11030\" alt=\"\" srcset=\"https:\/\/www.tenutaterravita.it\/wp-content\/uploads\/2021\/10\/00677-Terravita-1024x683.jpg 1024w, https:\/\/www.tenutaterravita.it\/wp-content\/uploads\/2021\/10\/00677-Terravita-300x200.jpg 300w, https:\/\/www.tenutaterravita.it\/wp-content\/uploads\/2021\/10\/00677-Terravita-600x400.jpg 600w, https:\/\/www.tenutaterravita.it\/wp-content\/uploads\/2021\/10\/00677-Terravita-768x512.jpg 768w, https:\/\/www.tenutaterravita.it\/wp-content\/uploads\/2021\/10\/00677-Terravita-1536x1024.jpg 1536w, https:\/\/www.tenutaterravita.it\/wp-content\/uploads\/2021\/10\/00677-Terravita.jpg 1920w\" sizes=\"(max-width: 1024px) 100vw, 1024px\" \/>\t\t\t\t\t\t\t\t<\/a>\n\t\t\t\t\t\t\t\t\t\t\t\t\t\t\t<\/div>\n\t\t\t\t<\/div>\n\t\t\t\t\t<\/div>\n\t\t<\/div>\n\t\t\t\t<div class=\"elementor-column elementor-col-50 elementor-inner-column elementor-element elementor-element-5e46e47\" data-id=\"5e46e47\" data-element_type=\"column\">\n\t\t\t<div class=\"elementor-widget-wrap elementor-element-populated\">\n\t\t\t\t\t\t<div class=\"elementor-element elementor-element-8b8114e elementor-widget elementor-widget-image\" data-id=\"8b8114e\" data-element_type=\"widget\" data-widget_type=\"image.default\">\n\t\t\t\t<div class=\"elementor-widget-container\">\n\t\t\t\t\t\t\t\t\t\t\t\t\t\t\t\t<a href=\"https:\/\/www.tenutaterravita.it\/wp-content\/uploads\/2021\/10\/00997-Terravita.jpg\" data-elementor-open-lightbox=\"yes\" data-elementor-lightbox-title=\"Azienda agricola &quot;Terravita&quot;, Suvereto (LI), Toscana, Italia\" data-e-action-hash=\"#elementor-action%3Aaction%3Dlightbox%26settings%3DeyJpZCI6MTEwMzYsInVybCI6Imh0dHBzOlwvXC93d3cudGVudXRhdGVycmF2aXRhLml0XC93cC1jb250ZW50XC91cGxvYWRzXC8yMDIxXC8xMFwvMDA5OTctVGVycmF2aXRhLmpwZyJ9\">\n\t\t\t\t\t\t\t<img decoding=\"async\" width=\"1024\" height=\"683\" src=\"https:\/\/www.tenutaterravita.it\/wp-content\/uploads\/2021\/10\/00997-Terravita-1024x683.jpg\" class=\"attachment-large size-large wp-image-11036\" alt=\"\" srcset=\"https:\/\/www.tenutaterravita.it\/wp-content\/uploads\/2021\/10\/00997-Terravita-1024x683.jpg 1024w, https:\/\/www.tenutaterravita.it\/wp-content\/uploads\/2021\/10\/00997-Terravita-300x200.jpg 300w, https:\/\/www.tenutaterravita.it\/wp-content\/uploads\/2021\/10\/00997-Terravita-600x400.jpg 600w, https:\/\/www.tenutaterravita.it\/wp-content\/uploads\/2021\/10\/00997-Terravita-768x512.jpg 768w, https:\/\/www.tenutaterravita.it\/wp-content\/uploads\/2021\/10\/00997-Terravita-1536x1024.jpg 1536w, https:\/\/www.tenutaterravita.it\/wp-content\/uploads\/2021\/10\/00997-Terravita.jpg 1920w\" sizes=\"(max-width: 1024px) 100vw, 1024px\" \/>\t\t\t\t\t\t\t\t<\/a>\n\t\t\t\t\t\t\t\t\t\t\t\t\t\t\t<\/div>\n\t\t\t\t<\/div>\n\t\t\t\t\t<\/div>\n\t\t<\/div>\n\t\t\t\t\t<\/div>\n\t\t<\/section>\n\t\t\t\t\t<\/div>\n\t\t<\/div>\n\t\t\t\t\t<\/div>\n\t\t<\/section>\n\t\t\t\t<section class=\"elementor-section elementor-top-section elementor-element elementor-element-0d9aded elementor-section-full_width qodef-elementor-content-grid elementor-section-height-default elementor-section-height-default\" data-id=\"0d9aded\" data-element_type=\"section\" data-settings=\"{&quot;background_background&quot;:&quot;classic&quot;}\">\n\t\t\t\t\t\t<div class=\"elementor-container elementor-column-gap-no\">\n\t\t\t\t\t<div class=\"elementor-column elementor-col-100 elementor-top-column elementor-element elementor-element-c1aecf6\" data-id=\"c1aecf6\" data-element_type=\"column\">\n\t\t\t<div class=\"elementor-widget-wrap elementor-element-populated\">\n\t\t\t\t\t\t<section class=\"elementor-section elementor-inner-section elementor-element elementor-element-79abd7b elementor-section-boxed elementor-section-height-default elementor-section-height-default qodef-elementor-content-no\" data-id=\"79abd7b\" data-element_type=\"section\">\n\t\t\t\t\t\t<div class=\"elementor-container elementor-column-gap-default\">\n\t\t\t\t\t<div class=\"elementor-column elementor-col-100 elementor-inner-column elementor-element elementor-element-9b51377\" data-id=\"9b51377\" data-element_type=\"column\">\n\t\t\t<div class=\"elementor-widget-wrap elementor-element-populated\">\n\t\t\t\t\t\t<div class=\"elementor-element elementor-element-df8ccc0 elementor-widget elementor-widget-text-editor\" data-id=\"df8ccc0\" data-element_type=\"widget\" data-widget_type=\"text-editor.default\">\n\t\t\t\t<div class=\"elementor-widget-container\">\n\t\t\t\t\t\t\t\t\t<p>Weine, die sich stark unterscheiden, einzigartig sind und ihr Terroir voll zum Ausdruck bringen.<br \/>Ein verlassener Weinberg in Notri, der Anfang der 1980er Jahre angelegt wurde, wurde identifiziert und mit Sorgfalt und Leidenschaft restauriert: der erste Schritt in die Zukunft des Unternehmens.<\/p>\t\t\t\t\t\t\t\t<\/div>\n\t\t\t\t<\/div>\n\t\t\t\t\t<\/div>\n\t\t<\/div>\n\t\t\t\t\t<\/div>\n\t\t<\/section>\n\t\t\t\t<section class=\"elementor-section elementor-inner-section elementor-element elementor-element-e8e4d82 elementor-section-boxed elementor-section-height-default elementor-section-height-default qodef-elementor-content-no\" data-id=\"e8e4d82\" data-element_type=\"section\">\n\t\t\t\t\t\t<div class=\"elementor-container elementor-column-gap-default\">\n\t\t\t\t\t<div class=\"elementor-column elementor-col-100 elementor-inner-column elementor-element elementor-element-4d30993\" data-id=\"4d30993\" data-element_type=\"column\">\n\t\t\t<div class=\"elementor-widget-wrap elementor-element-populated\">\n\t\t\t\t\t\t<div class=\"elementor-element elementor-element-fbd3762 elementor-widget elementor-widget-image\" data-id=\"fbd3762\" data-element_type=\"widget\" data-widget_type=\"image.default\">\n\t\t\t\t<div class=\"elementor-widget-container\">\n\t\t\t\t\t\t\t\t\t\t\t\t\t\t\t<img decoding=\"async\" width=\"1536\" height=\"1024\" src=\"https:\/\/www.tenutaterravita.it\/wp-content\/uploads\/2021\/10\/00865-Terravita-1536x1024.jpg\" class=\"attachment-1536x1536 size-1536x1536 wp-image-11032\" alt=\"\" srcset=\"https:\/\/www.tenutaterravita.it\/wp-content\/uploads\/2021\/10\/00865-Terravita-1536x1024.jpg 1536w, https:\/\/www.tenutaterravita.it\/wp-content\/uploads\/2021\/10\/00865-Terravita-300x200.jpg 300w, https:\/\/www.tenutaterravita.it\/wp-content\/uploads\/2021\/10\/00865-Terravita-600x400.jpg 600w, https:\/\/www.tenutaterravita.it\/wp-content\/uploads\/2021\/10\/00865-Terravita-1024x683.jpg 1024w, https:\/\/www.tenutaterravita.it\/wp-content\/uploads\/2021\/10\/00865-Terravita-768x512.jpg 768w, https:\/\/www.tenutaterravita.it\/wp-content\/uploads\/2021\/10\/00865-Terravita.jpg 1920w\" sizes=\"(max-width: 1536px) 100vw, 1536px\" \/>\t\t\t\t\t\t\t\t\t\t\t\t\t\t\t<\/div>\n\t\t\t\t<\/div>\n\t\t\t\t\t<\/div>\n\t\t<\/div>\n\t\t\t\t\t<\/div>\n\t\t<\/section>\n\t\t\t\t\t<\/div>\n\t\t<\/div>\n\t\t\t\t\t<\/div>\n\t\t<\/section>\n\t\t\t\t<section class=\"elementor-section elementor-top-section elementor-element elementor-element-12f1d66 elementor-section-full_width qodef-elementor-content-grid elementor-section-height-default elementor-section-height-default\" data-id=\"12f1d66\" data-element_type=\"section\">\n\t\t\t\t\t\t<div class=\"elementor-container elementor-column-gap-no\">\n\t\t\t\t\t<div class=\"elementor-column elementor-col-100 elementor-top-column elementor-element elementor-element-2608f31\" data-id=\"2608f31\" data-element_type=\"column\">\n\t\t\t<div class=\"elementor-widget-wrap elementor-element-populated\">\n\t\t\t\t\t\t<section class=\"elementor-section elementor-inner-section elementor-element elementor-element-376e7f5 elementor-section-boxed elementor-section-height-default elementor-section-height-default qodef-elementor-content-no\" data-id=\"376e7f5\" data-element_type=\"section\">\n\t\t\t\t\t\t<div class=\"elementor-container elementor-column-gap-default\">\n\t\t\t\t\t<div class=\"elementor-column elementor-col-100 elementor-inner-column elementor-element elementor-element-1ee7269\" data-id=\"1ee7269\" data-element_type=\"column\">\n\t\t\t<div class=\"elementor-widget-wrap elementor-element-populated\">\n\t\t\t\t\t\t<div class=\"elementor-element elementor-element-1b27349 elementor-widget elementor-widget-text-editor\" data-id=\"1b27349\" data-element_type=\"widget\" data-widget_type=\"text-editor.default\">\n\t\t\t\t<div class=\"elementor-widget-container\">\n\t\t\t\t\t\t\t\t\t<p>Im Laufe der Jahre hat sich TerraVita auf das Gebiet von Gregana und Palazzotto ausgedehnt, um die Weinproduktion mit der \u00d6lproduktion und den Unterkunftsm\u00f6glichkeiten zu verbinden, die f\u00fcr die Liebhaber des Weintourismus in der Toskana besonders geeignet sind.<\/p><p>Wie beim ersten Weingut begann das Abenteuer mit der Wiederherstellung eines verlassenen Anwesens; die vorhandenen R\u00e4ume wurden vollst\u00e4ndig renoviert, wobei der Keller, der Barriquekeller, der <a href=\"\/de\/degustationen\"><strong>Verkostungsraum<\/strong><\/a> und <a href=\"https:\/\/www.tenutaterravita.com\/de\/wohnungen\" target=\"_blank\" rel=\"noopener\"><strong>sieben Wohnungen mit einem gemeinsamen Schwimmbad entstanden<\/strong><\/a>. Die Tenuta TerraVita zu betreten bedeutet, in eine stille Oase einzutauchen, in der man Tage im Einklang mit der Natur und den Menschen, die sie bewohnen, verbringen kann.<\/p><p>Ein Ort der Freiheit und Gelassenheit.<\/p>\t\t\t\t\t\t\t\t<\/div>\n\t\t\t\t<\/div>\n\t\t\t\t\t<\/div>\n\t\t<\/div>\n\t\t\t\t\t<\/div>\n\t\t<\/section>\n\t\t\t\t<section class=\"elementor-section elementor-inner-section elementor-element elementor-element-90b7959 elementor-section-boxed elementor-section-height-default elementor-section-height-default qodef-elementor-content-no\" data-id=\"90b7959\" data-element_type=\"section\">\n\t\t\t\t\t\t<div class=\"elementor-container elementor-column-gap-default\">\n\t\t\t\t\t<div class=\"elementor-column elementor-col-50 elementor-inner-column elementor-element elementor-element-3f92fba\" data-id=\"3f92fba\" data-element_type=\"column\">\n\t\t\t<div class=\"elementor-widget-wrap elementor-element-populated\">\n\t\t\t\t\t\t<div class=\"elementor-element elementor-element-b01c07a elementor-widget elementor-widget-image\" data-id=\"b01c07a\" data-element_type=\"widget\" data-widget_type=\"image.default\">\n\t\t\t\t<div class=\"elementor-widget-container\">\n\t\t\t\t\t\t\t\t\t\t\t\t\t\t\t\t<a href=\"https:\/\/www.tenutaterravita.it\/wp-content\/uploads\/2021\/10\/00478-Terravita.jpg\" data-elementor-open-lightbox=\"yes\" data-elementor-lightbox-title=\"tenuta terravita piscina appartamenti affitto suvereto\" data-e-action-hash=\"#elementor-action%3Aaction%3Dlightbox%26settings%3DeyJpZCI6MTEwMzMsInVybCI6Imh0dHBzOlwvXC93d3cudGVudXRhdGVycmF2aXRhLml0XC93cC1jb250ZW50XC91cGxvYWRzXC8yMDIxXC8xMFwvMDA0NzgtVGVycmF2aXRhLmpwZyJ9\">\n\t\t\t\t\t\t\t<img loading=\"lazy\" decoding=\"async\" width=\"1024\" height=\"683\" src=\"https:\/\/www.tenutaterravita.it\/wp-content\/uploads\/2021\/10\/00478-Terravita-1024x683.jpg\" class=\"attachment-large size-large wp-image-11033\" alt=\"\" srcset=\"https:\/\/www.tenutaterravita.it\/wp-content\/uploads\/2021\/10\/00478-Terravita-1024x683.jpg 1024w, https:\/\/www.tenutaterravita.it\/wp-content\/uploads\/2021\/10\/00478-Terravita-300x200.jpg 300w, https:\/\/www.tenutaterravita.it\/wp-content\/uploads\/2021\/10\/00478-Terravita-600x400.jpg 600w, https:\/\/www.tenutaterravita.it\/wp-content\/uploads\/2021\/10\/00478-Terravita-768x512.jpg 768w, https:\/\/www.tenutaterravita.it\/wp-content\/uploads\/2021\/10\/00478-Terravita-1536x1024.jpg 1536w, https:\/\/www.tenutaterravita.it\/wp-content\/uploads\/2021\/10\/00478-Terravita.jpg 1920w\" sizes=\"(max-width: 1024px) 100vw, 1024px\" \/>\t\t\t\t\t\t\t\t<\/a>\n\t\t\t\t\t\t\t\t\t\t\t\t\t\t\t<\/div>\n\t\t\t\t<\/div>\n\t\t\t\t\t<\/div>\n\t\t<\/div>\n\t\t\t\t<div class=\"elementor-column elementor-col-50 elementor-inner-column elementor-element elementor-element-859afeb\" data-id=\"859afeb\" data-element_type=\"column\">\n\t\t\t<div class=\"elementor-widget-wrap elementor-element-populated\">\n\t\t\t\t\t\t<div class=\"elementor-element elementor-element-1b15ac3 elementor-widget elementor-widget-image\" data-id=\"1b15ac3\" data-element_type=\"widget\" data-widget_type=\"image.default\">\n\t\t\t\t<div class=\"elementor-widget-container\">\n\t\t\t\t\t\t\t\t\t\t\t\t\t\t\t\t<a href=\"https:\/\/www.tenutaterravita.it\/wp-content\/uploads\/2021\/10\/01014-Terravita.jpg\" data-elementor-open-lightbox=\"yes\" data-elementor-lightbox-title=\"Azienda agricola terravita suvereto toscana vigneti\" data-e-action-hash=\"#elementor-action%3Aaction%3Dlightbox%26settings%3DeyJpZCI6MTEwMzUsInVybCI6Imh0dHBzOlwvXC93d3cudGVudXRhdGVycmF2aXRhLml0XC93cC1jb250ZW50XC91cGxvYWRzXC8yMDIxXC8xMFwvMDEwMTQtVGVycmF2aXRhLmpwZyJ9\">\n\t\t\t\t\t\t\t<img loading=\"lazy\" decoding=\"async\" width=\"1024\" height=\"683\" src=\"https:\/\/www.tenutaterravita.it\/wp-content\/uploads\/2021\/10\/01014-Terravita-1024x683.jpg\" class=\"attachment-large size-large wp-image-11035\" alt=\"\" srcset=\"https:\/\/www.tenutaterravita.it\/wp-content\/uploads\/2021\/10\/01014-Terravita-1024x683.jpg 1024w, https:\/\/www.tenutaterravita.it\/wp-content\/uploads\/2021\/10\/01014-Terravita-300x200.jpg 300w, https:\/\/www.tenutaterravita.it\/wp-content\/uploads\/2021\/10\/01014-Terravita-600x400.jpg 600w, https:\/\/www.tenutaterravita.it\/wp-content\/uploads\/2021\/10\/01014-Terravita-768x512.jpg 768w, https:\/\/www.tenutaterravita.it\/wp-content\/uploads\/2021\/10\/01014-Terravita-1536x1024.jpg 1536w, https:\/\/www.tenutaterravita.it\/wp-content\/uploads\/2021\/10\/01014-Terravita.jpg 1920w\" sizes=\"(max-width: 1024px) 100vw, 1024px\" \/>\t\t\t\t\t\t\t\t<\/a>\n\t\t\t\t\t\t\t\t\t\t\t\t\t\t\t<\/div>\n\t\t\t\t<\/div>\n\t\t\t\t\t<\/div>\n\t\t<\/div>\n\t\t\t\t\t<\/div>\n\t\t<\/section>\n\t\t\t\t\t<\/div>\n\t\t<\/div>\n\t\t\t\t\t<\/div>\n\t\t<\/section>\n\t\t\t\t<section class=\"elementor-section elementor-top-section elementor-element elementor-element-ec2ba33 elementor-section-full_width qodef-elementor-content-grid elementor-section-height-default elementor-section-height-default\" data-id=\"ec2ba33\" data-element_type=\"section\">\n\t\t\t\t\t\t<div class=\"elementor-container elementor-column-gap-no\">\n\t\t\t\t\t<div class=\"elementor-column elementor-col-100 elementor-top-column elementor-element elementor-element-d525d41\" data-id=\"d525d41\" data-element_type=\"column\">\n\t\t\t<div class=\"elementor-widget-wrap elementor-element-populated\">\n\t\t\t\t\t\t<div class=\"elementor-element elementor-element-bf87dd6 elementor-widget elementor-widget-alloggio_core_section_title\" data-id=\"bf87dd6\" data-element_type=\"widget\" data-widget_type=\"alloggio_core_section_title.default\">\n\t\t\t\t<div class=\"elementor-widget-container\">\n\t\t\t\t\t<div class=\"qodef-shortcode qodef-m  qodef-section-title qodef-alignment--center\">\n\t\t<\/div>\t\t\t\t<\/div>\n\t\t\t\t<\/div>\n\t\t\t\t\t<\/div>\n\t\t<\/div>\n\t\t\t\t\t<\/div>\n\t\t<\/section>\n\t\t\t\t<section class=\"elementor-section elementor-top-section elementor-element elementor-element-178638ec elementor-section-full_width qodef-elementor-content-grid elementor-section-height-default elementor-section-height-default\" data-id=\"178638ec\" data-element_type=\"section\" id=\"form\">\n\t\t\t\t\t\t<div class=\"elementor-container elementor-column-gap-no\">\n\t\t\t\t\t<div class=\"elementor-column elementor-col-100 elementor-top-column elementor-element elementor-element-3900329c\" data-id=\"3900329c\" data-element_type=\"column\">\n\t\t\t<div class=\"elementor-widget-wrap elementor-element-populated\">\n\t\t\t\t\t\t<section class=\"elementor-section elementor-inner-section elementor-element elementor-element-5198091c elementor-section-boxed elementor-section-height-default elementor-section-height-default qodef-elementor-content-no\" data-id=\"5198091c\" data-element_type=\"section\">\n\t\t\t\t\t\t<div class=\"elementor-container elementor-column-gap-default\">\n\t\t\t\t\t<div class=\"elementor-column elementor-col-100 elementor-inner-column elementor-element elementor-element-6d9e7f2e\" data-id=\"6d9e7f2e\" data-element_type=\"column\">\n\t\t\t<div class=\"elementor-widget-wrap elementor-element-populated\">\n\t\t\t\t\t\t<div class=\"elementor-element elementor-element-3a831b64 elementor-widget elementor-widget-heading\" data-id=\"3a831b64\" data-element_type=\"widget\" data-widget_type=\"heading.default\">\n\t\t\t\t<div class=\"elementor-widget-container\">\n\t\t\t\t\t<h2 class=\"elementor-heading-title elementor-size-default\">Buchen bei uns zahlt sich aus<\/h2>\t\t\t\t<\/div>\n\t\t\t\t<\/div>\n\t\t\t\t\t<\/div>\n\t\t<\/div>\n\t\t\t\t\t<\/div>\n\t\t<\/section>\n\t\t\t\t<section class=\"elementor-section elementor-inner-section elementor-element elementor-element-5aaad1bf elementor-section-boxed elementor-section-height-default elementor-section-height-default qodef-elementor-content-no\" data-id=\"5aaad1bf\" data-element_type=\"section\">\n\t\t\t\t\t\t<div class=\"elementor-container elementor-column-gap-default\">\n\t\t\t\t\t<div class=\"elementor-column elementor-col-50 elementor-inner-column elementor-element elementor-element-2a407a96\" data-id=\"2a407a96\" data-element_type=\"column\" data-settings=\"{&quot;background_background&quot;:&quot;classic&quot;}\">\n\t\t\t<div class=\"elementor-widget-wrap elementor-element-populated\">\n\t\t\t\t\t\t<div class=\"elementor-element elementor-element-6c815f41 elementor-widget elementor-widget-text-editor\" data-id=\"6c815f41\" data-element_type=\"widget\" data-widget_type=\"text-editor.default\">\n\t\t\t\t<div class=\"elementor-widget-container\">\n\t\t\t\t\t\t\t\t\t<ul>\n \t<li>Bester verf\u00fcgbarer Preis<\/li>\n \t<li>Ma\u00dfgeschneiderte Angebote<\/li>\n \t<li>Direkter Kontakt mit dem Personal<\/li>\n<\/ul>\t\t\t\t\t\t\t\t<\/div>\n\t\t\t\t<\/div>\n\t\t\t\t\t<\/div>\n\t\t<\/div>\n\t\t\t\t<div class=\"elementor-column elementor-col-50 elementor-inner-column elementor-element elementor-element-1eee16ec\" data-id=\"1eee16ec\" data-element_type=\"column\">\n\t\t\t<div class=\"elementor-widget-wrap elementor-element-populated\">\n\t\t\t\t\t\t<div class=\"elementor-element elementor-element-28c64c43 elementor-widget elementor-widget-text-editor\" data-id=\"28c64c43\" data-element_type=\"widget\" data-widget_type=\"text-editor.default\">\n\t\t\t\t<div class=\"elementor-widget-container\">\n\t\t\t\t\t\t\t\t\t<style>\n  iframe {width: 1px;min-width: 100%;}<\/style>\n\n<script src=\"https:\/\/www.berevenue.it\/wp-includes\/js\/iframeResizer.min.js\"><\/script>\n<iframe id=\"quotebox\" src=\"https:\/\/be.quovai.com\/be\/tenutaterravita\/quote-box\" scrolling=\"no\"><\/iframe>\n<script>\n  iFrameResize({ log: true }, '#quotebox')\n<\/script>\t\t\t\t\t\t\t\t<\/div>\n\t\t\t\t<\/div>\n\t\t\t\t\t<\/div>\n\t\t<\/div>\n\t\t\t\t\t<\/div>\n\t\t<\/section>\n\t\t\t\t\t<\/div>\n\t\t<\/div>\n\t\t\t\t\t<\/div>\n\t\t<\/section>\n\t\t\t\t<\/div>\n\t\t","protected":false},"excerpt":{"rendered":"<p>Das Weingut TerraVita ist eine Weinkellerei, die in der Toskana in Suvereto aus einem Projekt von Carlo Andrea und Chiara entstanden ist, die w\u00e4hrend eines Urlaubs in der Maremma von der Sch\u00f6nheit eines Gebiets beeindruckt waren, das die toskanische Landschaft mit dem Meer verbindet. Gemeinsam beschlossen sie, eine einfache und zugleich ehrgeizige Idee ins Leben [&hellip;]<\/p>\n","protected":false},"author":10,"featured_media":0,"parent":0,"menu_order":0,"comment_status":"closed","ping_status":"closed","template":"page-full-width.php","meta":{"footnotes":""},"class_list":["post-11200","page","type-page","status-publish","hentry"],"_links":{"self":[{"href":"https:\/\/www.tenutaterravita.it\/de\/wp-json\/wp\/v2\/pages\/11200","targetHints":{"allow":["GET"]}}],"collection":[{"href":"https:\/\/www.tenutaterravita.it\/de\/wp-json\/wp\/v2\/pages"}],"about":[{"href":"https:\/\/www.tenutaterravita.it\/de\/wp-json\/wp\/v2\/types\/page"}],"author":[{"embeddable":true,"href":"https:\/\/www.tenutaterravita.it\/de\/wp-json\/wp\/v2\/users\/10"}],"replies":[{"embeddable":true,"href":"https:\/\/www.tenutaterravita.it\/de\/wp-json\/wp\/v2\/comments?post=11200"}],"version-history":[{"count":5,"href":"https:\/\/www.tenutaterravita.it\/de\/wp-json\/wp\/v2\/pages\/11200\/revisions"}],"predecessor-version":[{"id":11296,"href":"https:\/\/www.tenutaterravita.it\/de\/wp-json\/wp\/v2\/pages\/11200\/revisions\/11296"}],"wp:attachment":[{"href":"https:\/\/www.tenutaterravita.it\/de\/wp-json\/wp\/v2\/media?parent=11200"}],"curies":[{"name":"wp","href":"https:\/\/api.w.org\/{rel}","templated":true}]}}