{"id":11202,"date":"2021-05-06T13:56:09","date_gmt":"2021-05-06T11:56:09","guid":{"rendered":"https:\/\/www.tenutaterravita.it\/agricoltura-biodinamica\/"},"modified":"2025-04-23T16:36:30","modified_gmt":"2025-04-23T14:36:30","slug":"biodynamische-landwirtschaft","status":"publish","type":"page","link":"https:\/\/www.tenutaterravita.it\/de\/biodynamische-landwirtschaft\/","title":{"rendered":"Unsere Philosophie"},"content":{"rendered":"\t\t<div data-elementor-type=\"wp-page\" data-elementor-id=\"11202\" class=\"elementor elementor-11202 elementor-4676\">\n\t\t\t\t\t\t<section class=\"elementor-section elementor-top-section elementor-element elementor-element-23f7d44f elementor-section-full_width qodef-elementor-content-grid elementor-section-height-default elementor-section-height-default\" data-id=\"23f7d44f\" data-element_type=\"section\">\n\t\t\t\t\t\t<div class=\"elementor-container elementor-column-gap-no\">\n\t\t\t\t\t<div class=\"elementor-column elementor-col-100 elementor-top-column elementor-element elementor-element-569ed6a1\" data-id=\"569ed6a1\" data-element_type=\"column\">\n\t\t\t<div class=\"elementor-widget-wrap elementor-element-populated\">\n\t\t\t\t\t\t<div class=\"elementor-element elementor-element-7af6e7d9 elementor-widget elementor-widget-text-editor\" data-id=\"7af6e7d9\" data-element_type=\"widget\" data-widget_type=\"text-editor.default\">\n\t\t\t\t<div class=\"elementor-widget-container\">\n\t\t\t\t\t\t\t\t\t<h1 style=\"text-align: center; color: #b86e59;\">Unsere Philosophie<\/h1><p>Wir haben uns f\u00fcr die biologisch-dynamische Landwirtschaft entschieden, eine nat\u00fcrliche Anbaumethode, die es uns erm\u00f6glicht, Fr\u00fcchte anzubauen, die ihren Charakter und ihr Potenzial auf nat\u00fcrliche Weise zum Ausdruck bringen.<\/p><p>Unsere Reben atmen saubere Luft, ern\u00e4hren sich von gesunden B\u00f6den und erschnuppern die Essenz von Wildblumen und Aromen. Der Wein muss das Ergebnis all dessen sein. Es werden keine chemischen Produkte und D\u00fcngemittel verwendet, sondern Gr\u00fcnd\u00fcnger und biodynamische Pr\u00e4parate: nichts, was das Potenzial unserer B\u00f6den beeintr\u00e4chtigen w\u00fcrde.<\/p><p>Die Rebe ist unter idealen Bedingungen eine gro\u00dfz\u00fcgige Pflanze, sie braucht keine Druckmittel, die in der konventionellen, oft intensiven Landwirtschaft zur Verarmung des Bodens f\u00fchren, was im Laufe der Jahre zu Energieverlust und allm\u00e4hlicher Unfruchtbarkeit f\u00fchrt. Bei TerraVita arbeiten wir daher an der Struktur des Bodens, indem wir die Entwicklung von Pilzen und Bakterien beg\u00fcnstigen und die Verdichtung durch die Mechanisierung, die durch das h\u00e4ufige Befahren mit Traktoren entsteht, sorgf\u00e4ltig vermeiden.<\/p>\t\t\t\t\t\t\t\t<\/div>\n\t\t\t\t<\/div>\n\t\t\t\t<section class=\"elementor-section elementor-inner-section elementor-element elementor-element-6af42c33 elementor-section-boxed elementor-section-height-default elementor-section-height-default qodef-elementor-content-no\" data-id=\"6af42c33\" data-element_type=\"section\">\n\t\t\t\t\t\t<div class=\"elementor-container elementor-column-gap-default\">\n\t\t\t\t\t<div class=\"elementor-column elementor-col-50 elementor-inner-column elementor-element elementor-element-60f8a452\" data-id=\"60f8a452\" data-element_type=\"column\">\n\t\t\t<div class=\"elementor-widget-wrap elementor-element-populated\">\n\t\t\t\t\t\t<div class=\"elementor-element elementor-element-5c8f9ac0 elementor-widget elementor-widget-image\" data-id=\"5c8f9ac0\" data-element_type=\"widget\" data-widget_type=\"image.default\">\n\t\t\t\t<div class=\"elementor-widget-container\">\n\t\t\t\t\t\t\t\t\t\t\t\t\t\t\t\t<a href=\"https:\/\/www.tenutaterravita.it\/wp-content\/uploads\/2021\/10\/00979-Terravita.jpg\" data-elementor-open-lightbox=\"yes\" data-elementor-lightbox-title=\"Azienda agricola biodinamica terravita\" data-e-action-hash=\"#elementor-action%3Aaction%3Dlightbox%26settings%3DeyJpZCI6MTEwNTYsInVybCI6Imh0dHBzOlwvXC93d3cudGVudXRhdGVycmF2aXRhLml0XC93cC1jb250ZW50XC91cGxvYWRzXC8yMDIxXC8xMFwvMDA5NzktVGVycmF2aXRhLmpwZyJ9\">\n\t\t\t\t\t\t\t<img fetchpriority=\"high\" decoding=\"async\" width=\"1920\" height=\"1280\" src=\"https:\/\/www.tenutaterravita.it\/wp-content\/uploads\/2021\/10\/00979-Terravita.jpg\" class=\"attachment-full size-full wp-image-11056\" alt=\"\" srcset=\"https:\/\/www.tenutaterravita.it\/wp-content\/uploads\/2021\/10\/00979-Terravita.jpg 1920w, https:\/\/www.tenutaterravita.it\/wp-content\/uploads\/2021\/10\/00979-Terravita-300x200.jpg 300w, https:\/\/www.tenutaterravita.it\/wp-content\/uploads\/2021\/10\/00979-Terravita-600x400.jpg 600w, https:\/\/www.tenutaterravita.it\/wp-content\/uploads\/2021\/10\/00979-Terravita-1024x683.jpg 1024w, https:\/\/www.tenutaterravita.it\/wp-content\/uploads\/2021\/10\/00979-Terravita-768x512.jpg 768w, https:\/\/www.tenutaterravita.it\/wp-content\/uploads\/2021\/10\/00979-Terravita-1536x1024.jpg 1536w\" sizes=\"(max-width: 1920px) 100vw, 1920px\" \/>\t\t\t\t\t\t\t\t<\/a>\n\t\t\t\t\t\t\t\t\t\t\t\t\t\t\t<\/div>\n\t\t\t\t<\/div>\n\t\t\t\t\t<\/div>\n\t\t<\/div>\n\t\t\t\t<div class=\"elementor-column elementor-col-50 elementor-inner-column elementor-element elementor-element-f1274ea\" data-id=\"f1274ea\" data-element_type=\"column\">\n\t\t\t<div class=\"elementor-widget-wrap elementor-element-populated\">\n\t\t\t\t\t\t<div class=\"elementor-element elementor-element-3691ccf5 elementor-widget elementor-widget-image\" data-id=\"3691ccf5\" data-element_type=\"widget\" data-widget_type=\"image.default\">\n\t\t\t\t<div class=\"elementor-widget-container\">\n\t\t\t\t\t\t\t\t\t\t\t\t\t\t\t\t<a href=\"https:\/\/www.tenutaterravita.it\/wp-content\/uploads\/2021\/10\/01193-Terravita.jpg\" data-elementor-open-lightbox=\"yes\" data-elementor-lightbox-title=\"azienda agricola biodinamica terravita suvereto\" data-e-action-hash=\"#elementor-action%3Aaction%3Dlightbox%26settings%3DeyJpZCI6MTEwNTUsInVybCI6Imh0dHBzOlwvXC93d3cudGVudXRhdGVycmF2aXRhLml0XC93cC1jb250ZW50XC91cGxvYWRzXC8yMDIxXC8xMFwvMDExOTMtVGVycmF2aXRhLmpwZyJ9\">\n\t\t\t\t\t\t\t<img decoding=\"async\" width=\"1920\" height=\"1280\" src=\"https:\/\/www.tenutaterravita.it\/wp-content\/uploads\/2021\/10\/01193-Terravita.jpg\" class=\"attachment-full size-full wp-image-11055\" alt=\"\" srcset=\"https:\/\/www.tenutaterravita.it\/wp-content\/uploads\/2021\/10\/01193-Terravita.jpg 1920w, https:\/\/www.tenutaterravita.it\/wp-content\/uploads\/2021\/10\/01193-Terravita-300x200.jpg 300w, https:\/\/www.tenutaterravita.it\/wp-content\/uploads\/2021\/10\/01193-Terravita-600x400.jpg 600w, https:\/\/www.tenutaterravita.it\/wp-content\/uploads\/2021\/10\/01193-Terravita-1024x683.jpg 1024w, https:\/\/www.tenutaterravita.it\/wp-content\/uploads\/2021\/10\/01193-Terravita-768x512.jpg 768w, https:\/\/www.tenutaterravita.it\/wp-content\/uploads\/2021\/10\/01193-Terravita-1536x1024.jpg 1536w\" sizes=\"(max-width: 1920px) 100vw, 1920px\" \/>\t\t\t\t\t\t\t\t<\/a>\n\t\t\t\t\t\t\t\t\t\t\t\t\t\t\t<\/div>\n\t\t\t\t<\/div>\n\t\t\t\t\t<\/div>\n\t\t<\/div>\n\t\t\t\t\t<\/div>\n\t\t<\/section>\n\t\t\t\t\t<\/div>\n\t\t<\/div>\n\t\t\t\t\t<\/div>\n\t\t<\/section>\n\t\t\t\t<section class=\"elementor-section elementor-top-section elementor-element elementor-element-5ee05253 elementor-section-full_width qodef-elementor-content-grid elementor-hidden-desktop elementor-hidden-tablet elementor-hidden-mobile elementor-section-height-default elementor-section-height-default\" data-id=\"5ee05253\" data-element_type=\"section\" data-settings=\"{&quot;background_background&quot;:&quot;classic&quot;}\">\n\t\t\t\t\t\t<div class=\"elementor-container elementor-column-gap-no\">\n\t\t\t\t\t<div class=\"elementor-column elementor-col-100 elementor-top-column elementor-element elementor-element-76f5ecae\" data-id=\"76f5ecae\" data-element_type=\"column\">\n\t\t\t<div class=\"elementor-widget-wrap elementor-element-populated\">\n\t\t\t\t\t\t<div class=\"elementor-element elementor-element-6d0cca66 elementor-widget elementor-widget-text-editor\" data-id=\"6d0cca66\" data-element_type=\"widget\" data-widget_type=\"text-editor.default\">\n\t\t\t\t<div class=\"elementor-widget-container\">\n\t\t\t\t\t\t\t\t\t<p><strong>Die Weinberge von Notri<\/strong><\/p><p>Unser Projekt begann im Winter 2012, als wir einen zwei Hektar gro\u00dfen Weinberg identifizierten, der in den fr\u00fchen 1980er Jahren in Notri di Suvereto gepflanzt wurde.<br \/>Unsere Wahl wurde in dem Bewusstsein getroffen, dass gerade dieses Gebiet dank der Anwesenheit der metallhaltigen H\u00fcgel und der N\u00e4he des Flusses Cornia und des Tyrrhenischen Meeres den dort gewonnenen Weinen einzigartige Eigenschaften verleiht.<br \/>In einer Vorgebirgslage, auf einem lehmhaltigen Boden, der reich an mineralischen Mikroelementen ist, bauen wir <em>Sangiovese<\/em>, <em>Cabernet Sauvignon<\/em> und <em>Merlot<\/em> in Spalierform an. Die Pflanzdichte betr\u00e4gt etwa 3.500 Rebst\u00f6cke pro Hektar, mit einer durchschnittlichen Produktion von etwa 3.000 Flaschen pro Jahr.<\/p>\t\t\t\t\t\t\t\t<\/div>\n\t\t\t\t<\/div>\n\t\t\t\t<section class=\"elementor-section elementor-inner-section elementor-element elementor-element-5e6c61e8 elementor-section-boxed elementor-section-height-default elementor-section-height-default qodef-elementor-content-no\" data-id=\"5e6c61e8\" data-element_type=\"section\">\n\t\t\t\t\t\t<div class=\"elementor-container elementor-column-gap-default\">\n\t\t\t\t\t<div class=\"elementor-column elementor-col-100 elementor-inner-column elementor-element elementor-element-70c8c80b\" data-id=\"70c8c80b\" data-element_type=\"column\">\n\t\t\t<div class=\"elementor-widget-wrap elementor-element-populated\">\n\t\t\t\t\t\t<div class=\"elementor-element elementor-element-1ad1c279 elementor-widget elementor-widget-image\" data-id=\"1ad1c279\" data-element_type=\"widget\" data-widget_type=\"image.default\">\n\t\t\t\t<div class=\"elementor-widget-container\">\n\t\t\t\t\t\t\t\t\t\t\t\t\t\t\t<img decoding=\"async\" width=\"1024\" height=\"683\" src=\"https:\/\/www.tenutaterravita.it\/wp-content\/uploads\/2021\/10\/00605-Terravita-1024x683.jpg\" class=\"attachment-large size-large wp-image-11047\" alt=\"\" srcset=\"https:\/\/www.tenutaterravita.it\/wp-content\/uploads\/2021\/10\/00605-Terravita-1024x683.jpg 1024w, https:\/\/www.tenutaterravita.it\/wp-content\/uploads\/2021\/10\/00605-Terravita-300x200.jpg 300w, https:\/\/www.tenutaterravita.it\/wp-content\/uploads\/2021\/10\/00605-Terravita-600x400.jpg 600w, https:\/\/www.tenutaterravita.it\/wp-content\/uploads\/2021\/10\/00605-Terravita-768x512.jpg 768w, https:\/\/www.tenutaterravita.it\/wp-content\/uploads\/2021\/10\/00605-Terravita-1536x1024.jpg 1536w, https:\/\/www.tenutaterravita.it\/wp-content\/uploads\/2021\/10\/00605-Terravita.jpg 1920w\" sizes=\"(max-width: 1024px) 100vw, 1024px\" \/>\t\t\t\t\t\t\t\t\t\t\t\t\t\t\t<\/div>\n\t\t\t\t<\/div>\n\t\t\t\t\t<\/div>\n\t\t<\/div>\n\t\t\t\t\t<\/div>\n\t\t<\/section>\n\t\t\t\t\t<\/div>\n\t\t<\/div>\n\t\t\t\t\t<\/div>\n\t\t<\/section>\n\t\t\t\t<section class=\"elementor-section elementor-top-section elementor-element elementor-element-7ae8adc7 elementor-section-full_width qodef-elementor-content-grid elementor-hidden-desktop elementor-hidden-tablet elementor-hidden-mobile elementor-section-height-default elementor-section-height-default\" data-id=\"7ae8adc7\" data-element_type=\"section\">\n\t\t\t\t\t\t<div class=\"elementor-container elementor-column-gap-no\">\n\t\t\t\t\t<div class=\"elementor-column elementor-col-100 elementor-top-column elementor-element elementor-element-dafb5db\" data-id=\"dafb5db\" data-element_type=\"column\">\n\t\t\t<div class=\"elementor-widget-wrap elementor-element-populated\">\n\t\t\t\t\t\t<div class=\"elementor-element elementor-element-3003a1f4 elementor-widget elementor-widget-text-editor\" data-id=\"3003a1f4\" data-element_type=\"widget\" data-widget_type=\"text-editor.default\">\n\t\t\t\t<div class=\"elementor-widget-container\">\n\t\t\t\t\t\t\t\t\t<p><strong>Die Weinberge von Palazzotto<\/strong><\/p><p>Die Beschaffenheit des H\u00fcgels und seiner H\u00e4nge bildet ein charakteristisches Amphitheater, in dem wir vier Weinberge identifiziert haben, die auf drei Hektar in den Jahren 2015 und 2017 gepflanzt wurden.<br \/>Im S\u00fcden des Waldes befindet sich die Hauptrebsorte Sangiovese, die auf diesen B\u00f6den der toskanischen K\u00fcste ihr ganzes Potenzial entfalten kann; eine Sorte, die in ihren Herkunftsgebieten gro\u00dfe Weine hervorbringen kann.<br \/>Mit Respekt vor der Natur, der Geschichte und dem Gebiet, in dem sie w\u00e4chst, haben wir uns auch f\u00fcr den Anbau einer autochthonen Rebsorte mit gro\u00dfem Potenzial entschieden, dem <em>Pugnitello<\/em>.<\/p><p>Ein dritter Weinberg im Norden des Waldes beherbergt <em>Petit Verdot<\/em>, eine Rebsorte, die sich als besonders geeignet f\u00fcr das Klima der toskanischen Maremma erwiesen hat.<br \/>Schlie\u00dflich haben wir im Februar 2019 auf einem mergelhaltigen Boden einen halben Hektar Grenache gepflanzt, der sowohl allein als auch teilweise zusammen mit <em>Sangiovese<\/em> und <em>Petit Verdot<\/em> zur Herstellung unseres Ros\u00e9weins Aurora verwendet wird.<\/p>\t\t\t\t\t\t\t\t<\/div>\n\t\t\t\t<\/div>\n\t\t\t\t<section class=\"elementor-section elementor-inner-section elementor-element elementor-element-23579fa6 elementor-section-boxed elementor-section-height-default elementor-section-height-default qodef-elementor-content-no\" data-id=\"23579fa6\" data-element_type=\"section\">\n\t\t\t\t\t\t<div class=\"elementor-container elementor-column-gap-default\">\n\t\t\t\t\t<div class=\"elementor-column elementor-col-50 elementor-inner-column elementor-element elementor-element-4381eb78\" data-id=\"4381eb78\" data-element_type=\"column\">\n\t\t\t<div class=\"elementor-widget-wrap elementor-element-populated\">\n\t\t\t\t\t\t<div class=\"elementor-element elementor-element-38973595 elementor-widget elementor-widget-image\" data-id=\"38973595\" data-element_type=\"widget\" data-widget_type=\"image.default\">\n\t\t\t\t<div class=\"elementor-widget-container\">\n\t\t\t\t\t\t\t\t\t\t\t\t\t\t\t\t<a href=\"https:\/\/www.tenutaterravita.it\/wp-content\/uploads\/2021\/10\/00646-Terravita.jpg\" data-elementor-open-lightbox=\"yes\" data-elementor-lightbox-title=\"Azienda agricola &quot;Terravita&quot;, Suvereto (LI), Toscana, Italia\" data-e-action-hash=\"#elementor-action%3Aaction%3Dlightbox%26settings%3DeyJpZCI6MTEwNDgsInVybCI6Imh0dHBzOlwvXC93d3cudGVudXRhdGVycmF2aXRhLml0XC93cC1jb250ZW50XC91cGxvYWRzXC8yMDIxXC8xMFwvMDA2NDYtVGVycmF2aXRhLmpwZyJ9\">\n\t\t\t\t\t\t\t<img loading=\"lazy\" decoding=\"async\" width=\"1024\" height=\"683\" src=\"https:\/\/www.tenutaterravita.it\/wp-content\/uploads\/2021\/10\/00646-Terravita-1024x683.jpg\" class=\"attachment-large size-large wp-image-11048\" alt=\"\" srcset=\"https:\/\/www.tenutaterravita.it\/wp-content\/uploads\/2021\/10\/00646-Terravita-1024x683.jpg 1024w, https:\/\/www.tenutaterravita.it\/wp-content\/uploads\/2021\/10\/00646-Terravita-300x200.jpg 300w, https:\/\/www.tenutaterravita.it\/wp-content\/uploads\/2021\/10\/00646-Terravita-600x400.jpg 600w, https:\/\/www.tenutaterravita.it\/wp-content\/uploads\/2021\/10\/00646-Terravita-768x512.jpg 768w, https:\/\/www.tenutaterravita.it\/wp-content\/uploads\/2021\/10\/00646-Terravita-1536x1024.jpg 1536w, https:\/\/www.tenutaterravita.it\/wp-content\/uploads\/2021\/10\/00646-Terravita.jpg 1920w\" sizes=\"(max-width: 1024px) 100vw, 1024px\" \/>\t\t\t\t\t\t\t\t<\/a>\n\t\t\t\t\t\t\t\t\t\t\t\t\t\t\t<\/div>\n\t\t\t\t<\/div>\n\t\t\t\t\t<\/div>\n\t\t<\/div>\n\t\t\t\t<div class=\"elementor-column elementor-col-50 elementor-inner-column elementor-element elementor-element-7e07f078\" data-id=\"7e07f078\" data-element_type=\"column\">\n\t\t\t<div class=\"elementor-widget-wrap elementor-element-populated\">\n\t\t\t\t\t\t<div class=\"elementor-element elementor-element-4f2c8bb8 elementor-widget elementor-widget-image\" data-id=\"4f2c8bb8\" data-element_type=\"widget\" data-widget_type=\"image.default\">\n\t\t\t\t<div class=\"elementor-widget-container\">\n\t\t\t\t\t\t\t\t\t\t\t\t\t\t\t\t<a href=\"https:\/\/www.tenutaterravita.it\/wp-content\/uploads\/2021\/10\/00823-Terravita.jpg\" data-elementor-open-lightbox=\"yes\" data-elementor-lightbox-title=\"Azienda agricola &quot;Terravita&quot;, Suvereto (LI), Toscana, Italia\" data-e-action-hash=\"#elementor-action%3Aaction%3Dlightbox%26settings%3DeyJpZCI6MTEwNDksInVybCI6Imh0dHBzOlwvXC93d3cudGVudXRhdGVycmF2aXRhLml0XC93cC1jb250ZW50XC91cGxvYWRzXC8yMDIxXC8xMFwvMDA4MjMtVGVycmF2aXRhLmpwZyJ9\">\n\t\t\t\t\t\t\t<img loading=\"lazy\" decoding=\"async\" width=\"1024\" height=\"683\" src=\"https:\/\/www.tenutaterravita.it\/wp-content\/uploads\/2021\/10\/00823-Terravita-1024x683.jpg\" class=\"attachment-large size-large wp-image-11049\" alt=\"\" srcset=\"https:\/\/www.tenutaterravita.it\/wp-content\/uploads\/2021\/10\/00823-Terravita-1024x683.jpg 1024w, https:\/\/www.tenutaterravita.it\/wp-content\/uploads\/2021\/10\/00823-Terravita-300x200.jpg 300w, https:\/\/www.tenutaterravita.it\/wp-content\/uploads\/2021\/10\/00823-Terravita-600x400.jpg 600w, https:\/\/www.tenutaterravita.it\/wp-content\/uploads\/2021\/10\/00823-Terravita-768x512.jpg 768w, https:\/\/www.tenutaterravita.it\/wp-content\/uploads\/2021\/10\/00823-Terravita-1536x1024.jpg 1536w, https:\/\/www.tenutaterravita.it\/wp-content\/uploads\/2021\/10\/00823-Terravita.jpg 1920w\" sizes=\"(max-width: 1024px) 100vw, 1024px\" \/>\t\t\t\t\t\t\t\t<\/a>\n\t\t\t\t\t\t\t\t\t\t\t\t\t\t\t<\/div>\n\t\t\t\t<\/div>\n\t\t\t\t\t<\/div>\n\t\t<\/div>\n\t\t\t\t\t<\/div>\n\t\t<\/section>\n\t\t\t\t\t<\/div>\n\t\t<\/div>\n\t\t\t\t\t<\/div>\n\t\t<\/section>\n\t\t\t\t<section class=\"elementor-section elementor-top-section elementor-element elementor-element-65cdcd43 elementor-section-full_width qodef-elementor-content-grid elementor-hidden-desktop elementor-hidden-tablet elementor-hidden-mobile elementor-section-height-default elementor-section-height-default\" data-id=\"65cdcd43\" data-element_type=\"section\">\n\t\t\t\t\t\t<div class=\"elementor-container elementor-column-gap-no\">\n\t\t\t\t\t<div class=\"elementor-column elementor-col-100 elementor-top-column elementor-element elementor-element-448fbe7c\" data-id=\"448fbe7c\" data-element_type=\"column\">\n\t\t\t<div class=\"elementor-widget-wrap elementor-element-populated\">\n\t\t\t\t\t\t<div class=\"elementor-element elementor-element-1c4c6ca8 elementor-widget elementor-widget-alloggio_core_section_title\" data-id=\"1c4c6ca8\" data-element_type=\"widget\" data-widget_type=\"alloggio_core_section_title.default\">\n\t\t\t\t<div class=\"elementor-widget-container\">\n\t\t\t\t\t<div class=\"qodef-shortcode qodef-m  qodef-section-title qodef-alignment--center\">\n\t\t<\/div>\t\t\t\t<\/div>\n\t\t\t\t<\/div>\n\t\t\t\t\t<\/div>\n\t\t<\/div>\n\t\t\t\t\t<\/div>\n\t\t<\/section>\n\t\t\t\t<section class=\"elementor-section elementor-top-section elementor-element elementor-element-63ad603c elementor-section-full_width qodef-elementor-content-grid elementor-section-height-default elementor-section-height-default\" data-id=\"63ad603c\" data-element_type=\"section\" id=\"form\">\n\t\t\t\t\t\t<div class=\"elementor-container elementor-column-gap-no\">\n\t\t\t\t\t<div class=\"elementor-column elementor-col-100 elementor-top-column elementor-element elementor-element-24407da8\" data-id=\"24407da8\" data-element_type=\"column\">\n\t\t\t<div class=\"elementor-widget-wrap elementor-element-populated\">\n\t\t\t\t\t\t<section class=\"elementor-section elementor-inner-section elementor-element elementor-element-1c2cb8ea elementor-section-boxed elementor-section-height-default elementor-section-height-default qodef-elementor-content-no\" data-id=\"1c2cb8ea\" data-element_type=\"section\">\n\t\t\t\t\t\t<div class=\"elementor-container elementor-column-gap-default\">\n\t\t\t\t\t<div class=\"elementor-column elementor-col-100 elementor-inner-column elementor-element elementor-element-74c853e6\" data-id=\"74c853e6\" data-element_type=\"column\">\n\t\t\t<div class=\"elementor-widget-wrap elementor-element-populated\">\n\t\t\t\t\t\t<div class=\"elementor-element elementor-element-4dcfb1d9 elementor-widget elementor-widget-heading\" data-id=\"4dcfb1d9\" data-element_type=\"widget\" data-widget_type=\"heading.default\">\n\t\t\t\t<div class=\"elementor-widget-container\">\n\t\t\t\t\t<h2 class=\"elementor-heading-title elementor-size-default\">Buchen bei uns zahlt sich aus<\/h2>\t\t\t\t<\/div>\n\t\t\t\t<\/div>\n\t\t\t\t\t<\/div>\n\t\t<\/div>\n\t\t\t\t\t<\/div>\n\t\t<\/section>\n\t\t\t\t<section class=\"elementor-section elementor-inner-section elementor-element elementor-element-497e849b elementor-section-boxed elementor-section-height-default elementor-section-height-default qodef-elementor-content-no\" data-id=\"497e849b\" data-element_type=\"section\">\n\t\t\t\t\t\t<div class=\"elementor-container elementor-column-gap-default\">\n\t\t\t\t\t<div class=\"elementor-column elementor-col-50 elementor-inner-column elementor-element elementor-element-5adfc442\" data-id=\"5adfc442\" data-element_type=\"column\" data-settings=\"{&quot;background_background&quot;:&quot;classic&quot;}\">\n\t\t\t<div class=\"elementor-widget-wrap elementor-element-populated\">\n\t\t\t\t\t\t<div class=\"elementor-element elementor-element-7d506280 elementor-widget elementor-widget-text-editor\" data-id=\"7d506280\" data-element_type=\"widget\" data-widget_type=\"text-editor.default\">\n\t\t\t\t<div class=\"elementor-widget-container\">\n\t\t\t\t\t\t\t\t\t<ul><li>Bester verf\u00fcgbarer Preis<\/li><li>Ma\u00dfgeschneiderte Angebote<\/li><li>Direkter Kontakt mit dem Personal<\/li><\/ul>\t\t\t\t\t\t\t\t<\/div>\n\t\t\t\t<\/div>\n\t\t\t\t\t<\/div>\n\t\t<\/div>\n\t\t\t\t<div class=\"elementor-column elementor-col-50 elementor-inner-column elementor-element elementor-element-51a231c9\" data-id=\"51a231c9\" data-element_type=\"column\">\n\t\t\t<div class=\"elementor-widget-wrap elementor-element-populated\">\n\t\t\t\t\t\t<div class=\"elementor-element elementor-element-611d1571 elementor-widget elementor-widget-text-editor\" data-id=\"611d1571\" data-element_type=\"widget\" data-widget_type=\"text-editor.default\">\n\t\t\t\t<div class=\"elementor-widget-container\">\n\t\t\t\t\t\t\t\t\t<style>\n  iframe {width: 1px;min-width: 100%;}<\/style>\n\n<script src=\"https:\/\/www.berevenue.it\/wp-includes\/js\/iframeResizer.min.js\"><\/script>\n<iframe id=\"quotebox\" src=\"https:\/\/be.quovai.com\/be\/tenutaterravita\/quote-box\" scrolling=\"no\"><\/iframe>\n<script>\n  iFrameResize({ log: true }, '#quotebox')\n<\/script>\t\t\t\t\t\t\t\t<\/div>\n\t\t\t\t<\/div>\n\t\t\t\t\t<\/div>\n\t\t<\/div>\n\t\t\t\t\t<\/div>\n\t\t<\/section>\n\t\t\t\t\t<\/div>\n\t\t<\/div>\n\t\t\t\t\t<\/div>\n\t\t<\/section>\n\t\t\t\t<\/div>\n\t\t","protected":false},"excerpt":{"rendered":"<p>Unsere Philosophie Wir haben uns f\u00fcr die biologisch-dynamische Landwirtschaft entschieden, eine nat\u00fcrliche Anbaumethode, die es uns erm\u00f6glicht, Fr\u00fcchte anzubauen, die ihren Charakter und ihr Potenzial auf nat\u00fcrliche Weise zum Ausdruck bringen. Unsere Reben atmen saubere Luft, ern\u00e4hren sich von gesunden B\u00f6den und erschnuppern die Essenz von Wildblumen und Aromen. Der Wein muss das Ergebnis all [&hellip;]<\/p>\n","protected":false},"author":10,"featured_media":0,"parent":0,"menu_order":0,"comment_status":"closed","ping_status":"closed","template":"page-full-width.php","meta":{"footnotes":""},"class_list":["post-11202","page","type-page","status-publish","hentry"],"_links":{"self":[{"href":"https:\/\/www.tenutaterravita.it\/de\/wp-json\/wp\/v2\/pages\/11202","targetHints":{"allow":["GET"]}}],"collection":[{"href":"https:\/\/www.tenutaterravita.it\/de\/wp-json\/wp\/v2\/pages"}],"about":[{"href":"https:\/\/www.tenutaterravita.it\/de\/wp-json\/wp\/v2\/types\/page"}],"author":[{"embeddable":true,"href":"https:\/\/www.tenutaterravita.it\/de\/wp-json\/wp\/v2\/users\/10"}],"replies":[{"embeddable":true,"href":"https:\/\/www.tenutaterravita.it\/de\/wp-json\/wp\/v2\/comments?post=11202"}],"version-history":[{"count":5,"href":"https:\/\/www.tenutaterravita.it\/de\/wp-json\/wp\/v2\/pages\/11202\/revisions"}],"predecessor-version":[{"id":11388,"href":"https:\/\/www.tenutaterravita.it\/de\/wp-json\/wp\/v2\/pages\/11202\/revisions\/11388"}],"wp:attachment":[{"href":"https:\/\/www.tenutaterravita.it\/de\/wp-json\/wp\/v2\/media?parent=11202"}],"curies":[{"name":"wp","href":"https:\/\/api.w.org\/{rel}","templated":true}]}}