{"id":11204,"date":"2021-05-06T14:03:43","date_gmt":"2021-05-06T12:03:43","guid":{"rendered":"https:\/\/www.tenutaterravita.it\/la-tenuta\/"},"modified":"2025-12-13T11:15:44","modified_gmt":"2025-12-13T10:15:44","slug":"das-anwesen","status":"publish","type":"page","link":"https:\/\/www.tenutaterravita.it\/de\/das-anwesen\/","title":{"rendered":"Das Anwesen"},"content":{"rendered":"\t\t<div data-elementor-type=\"wp-page\" data-elementor-id=\"11204\" class=\"elementor elementor-11204 elementor-4721\">\n\t\t\t\t\t\t<section class=\"elementor-section elementor-top-section elementor-element elementor-element-4f1faf91 elementor-section-full_width elementor-section-height-min-height elementor-section-stretched elementor-section-content-bottom elementor-hidden-mobile elementor-section-height-default elementor-section-items-middle qodef-elementor-content-no\" data-id=\"4f1faf91\" data-element_type=\"section\" data-settings=\"{&quot;stretch_section&quot;:&quot;section-stretched&quot;,&quot;background_background&quot;:&quot;video&quot;,&quot;background_video_link&quot;:&quot;https:\\\/\\\/vimeo.com\\\/660369073&quot;}\">\n\t\t\t\t\t\t\t\t<div class=\"elementor-background-video-container elementor-hidden-mobile\">\n\t\t\t\t\t\t\t\t\t\t\t\t\t<div class=\"elementor-background-video-embed\" role=\"presentation\"><\/div>\n\t\t\t\t\t\t\t\t\t\t\t\t<\/div>\n\t\t\t\t\t\t\t\t\t<div class=\"elementor-background-overlay\"><\/div>\n\t\t\t\t\t\t\t<div class=\"elementor-container elementor-column-gap-default\">\n\t\t\t\t\t<div class=\"elementor-column elementor-col-100 elementor-top-column elementor-element elementor-element-e40af27\" data-id=\"e40af27\" data-element_type=\"column\" data-settings=\"{&quot;background_background&quot;:&quot;classic&quot;}\">\n\t\t\t<div class=\"elementor-widget-wrap\">\n\t\t\t\t\t\t\t<\/div>\n\t\t<\/div>\n\t\t\t\t\t<\/div>\n\t\t<\/section>\n\t\t\t\t<section class=\"elementor-section elementor-top-section elementor-element elementor-element-009aba2 elementor-section-full_width elementor-section-stretched elementor-hidden-desktop elementor-hidden-tablet elementor-section-height-default elementor-section-height-default qodef-elementor-content-no\" data-id=\"009aba2\" data-element_type=\"section\" data-settings=\"{&quot;stretch_section&quot;:&quot;section-stretched&quot;,&quot;background_background&quot;:&quot;video&quot;,&quot;background_video_link&quot;:&quot;https:\\\/\\\/vimeo.com\\\/659689315&quot;,&quot;background_play_on_mobile&quot;:&quot;yes&quot;}\">\n\t\t\t\t\t\t\t\t<div class=\"elementor-background-video-container\">\n\t\t\t\t\t\t\t\t\t\t\t\t\t<div class=\"elementor-background-video-embed\" role=\"presentation\"><\/div>\n\t\t\t\t\t\t\t\t\t\t\t\t<\/div>\n\t\t\t\t\t\t\t\t<div class=\"elementor-container elementor-column-gap-default\">\n\t\t\t\t\t<div class=\"elementor-column elementor-col-100 elementor-top-column elementor-element elementor-element-20dae9e\" data-id=\"20dae9e\" data-element_type=\"column\">\n\t\t\t<div class=\"elementor-widget-wrap\">\n\t\t\t\t\t\t\t<\/div>\n\t\t<\/div>\n\t\t\t\t\t<\/div>\n\t\t<\/section>\n\t\t\t\t<section class=\"elementor-section elementor-top-section elementor-element elementor-element-1bc70523 elementor-section-full_width qodef-elementor-content-grid elementor-section-stretched elementor-section-height-default elementor-section-height-default\" data-id=\"1bc70523\" data-element_type=\"section\" data-settings=\"{&quot;stretch_section&quot;:&quot;section-stretched&quot;}\">\n\t\t\t\t\t\t<div class=\"elementor-container elementor-column-gap-no\">\n\t\t\t\t\t<div class=\"elementor-column elementor-col-100 elementor-top-column elementor-element elementor-element-67162d41\" data-id=\"67162d41\" data-element_type=\"column\">\n\t\t\t<div class=\"elementor-widget-wrap elementor-element-populated\">\n\t\t\t\t\t\t<div class=\"elementor-element elementor-element-262c4120 elementor-widget elementor-widget-text-editor\" data-id=\"262c4120\" data-element_type=\"widget\" data-widget_type=\"text-editor.default\">\n\t\t\t\t<div class=\"elementor-widget-container\">\n\t\t\t\t\t\t\t\t\t<h1 style=\"text-align: center; color: #b86e59;\">Toskanisches Landgut mit Schwimmbad<\/h1><p>Das <strong>Landgut TerraVita<\/strong> liegt nur wenige Minuten von Suvereto entfernt, einem reizvollen mittelalterlichen Dorf in der oberen Maremma in der Toskana, das zum Kreis der \u201esch\u00f6nsten D\u00f6rfer Italiens\u201c geh\u00f6rt.<\/p><p>Das Anwesen erstreckt sich \u00fcber vierzig Hektar, die von einem Waldgebiet und dem Zusammenfluss der Fl\u00fcsse Cornia und Milia begrenzt werden.<\/p><p>Dreiundzwanzig Hektar sind dem Anbau von Olivenb\u00e4umen gewidmet, die das Weingut und die Wohneinheiten vollst\u00e4ndig umgeben.<\/p><p>Unseren G\u00e4sten stehen sieben Wohnungen mit gemeinsamem Schwimmbad zur Verf\u00fcgung, in denen man inmitten der toskanischen Landschaft Tage in Ruhe und Frieden verbringen kann, w\u00e4hrend man sich von der Brise der Fl\u00fcsse und dem Gesang der Zikaden einlullen l\u00e4sst.<\/p><p><br \/>Eine ideale Oase f\u00fcr Toskana-Urlauber und Liebhaber des Weintourismus.<\/p><p>\u00a0<\/p>\t\t\t\t\t\t\t\t<\/div>\n\t\t\t\t<\/div>\n\t\t\t\t<section class=\"elementor-section elementor-inner-section elementor-element elementor-element-52b839b6 elementor-section-boxed elementor-section-height-default elementor-section-height-default qodef-elementor-content-no\" data-id=\"52b839b6\" data-element_type=\"section\">\n\t\t\t\t\t\t<div class=\"elementor-container elementor-column-gap-default\">\n\t\t\t\t\t<div class=\"elementor-column elementor-col-50 elementor-inner-column elementor-element elementor-element-793d78fb\" data-id=\"793d78fb\" data-element_type=\"column\">\n\t\t\t<div class=\"elementor-widget-wrap elementor-element-populated\">\n\t\t\t\t\t\t<div class=\"elementor-element elementor-element-4de02465 elementor-widget elementor-widget-image\" data-id=\"4de02465\" data-element_type=\"widget\" data-widget_type=\"image.default\">\n\t\t\t\t<div class=\"elementor-widget-container\">\n\t\t\t\t\t\t\t\t\t\t\t\t\t\t\t\t<a href=\"https:\/\/www.tenutaterravita.it\/wp-content\/uploads\/2021\/12\/00504-Terravita.jpg\" data-elementor-open-lightbox=\"yes\" data-elementor-lightbox-title=\"tenuta terravita piscina appartamenti suvereto\" data-e-action-hash=\"#elementor-action%3Aaction%3Dlightbox%26settings%3DeyJpZCI6MTEwNjYsInVybCI6Imh0dHBzOlwvXC93d3cudGVudXRhdGVycmF2aXRhLml0XC93cC1jb250ZW50XC91cGxvYWRzXC8yMDIxXC8xMlwvMDA1MDQtVGVycmF2aXRhLmpwZyJ9\">\n\t\t\t\t\t\t\t<img fetchpriority=\"high\" decoding=\"async\" width=\"1024\" height=\"683\" src=\"https:\/\/www.tenutaterravita.it\/wp-content\/uploads\/2021\/12\/00504-Terravita-1024x683.jpg\" class=\"attachment-large size-large wp-image-11066\" alt=\"\" srcset=\"https:\/\/www.tenutaterravita.it\/wp-content\/uploads\/2021\/12\/00504-Terravita-1024x683.jpg 1024w, https:\/\/www.tenutaterravita.it\/wp-content\/uploads\/2021\/12\/00504-Terravita-300x200.jpg 300w, https:\/\/www.tenutaterravita.it\/wp-content\/uploads\/2021\/12\/00504-Terravita-600x400.jpg 600w, https:\/\/www.tenutaterravita.it\/wp-content\/uploads\/2021\/12\/00504-Terravita-768x512.jpg 768w, https:\/\/www.tenutaterravita.it\/wp-content\/uploads\/2021\/12\/00504-Terravita-1536x1024.jpg 1536w, https:\/\/www.tenutaterravita.it\/wp-content\/uploads\/2021\/12\/00504-Terravita.jpg 1920w\" sizes=\"(max-width: 1024px) 100vw, 1024px\" \/>\t\t\t\t\t\t\t\t<\/a>\n\t\t\t\t\t\t\t\t\t\t\t\t\t\t\t<\/div>\n\t\t\t\t<\/div>\n\t\t\t\t\t<\/div>\n\t\t<\/div>\n\t\t\t\t<div class=\"elementor-column elementor-col-50 elementor-inner-column elementor-element elementor-element-19c0912a\" data-id=\"19c0912a\" data-element_type=\"column\">\n\t\t\t<div class=\"elementor-widget-wrap elementor-element-populated\">\n\t\t\t\t\t\t<div class=\"elementor-element elementor-element-568f50e4 elementor-widget elementor-widget-image\" data-id=\"568f50e4\" data-element_type=\"widget\" data-widget_type=\"image.default\">\n\t\t\t\t<div class=\"elementor-widget-container\">\n\t\t\t\t\t\t\t\t\t\t\t\t\t\t\t\t<a href=\"https:\/\/www.tenutaterravita.it\/wp-content\/uploads\/2021\/10\/00384-Terravita.jpg\" data-elementor-open-lightbox=\"yes\" data-elementor-lightbox-title=\"tenuta terravita famiglie e bambini\" data-e-action-hash=\"#elementor-action%3Aaction%3Dlightbox%26settings%3DeyJpZCI6MTEwNjMsInVybCI6Imh0dHBzOlwvXC93d3cudGVudXRhdGVycmF2aXRhLml0XC93cC1jb250ZW50XC91cGxvYWRzXC8yMDIxXC8xMFwvMDAzODQtVGVycmF2aXRhLmpwZyJ9\">\n\t\t\t\t\t\t\t<img decoding=\"async\" width=\"1024\" height=\"683\" src=\"https:\/\/www.tenutaterravita.it\/wp-content\/uploads\/2021\/10\/00384-Terravita-1024x683.jpg\" class=\"attachment-large size-large wp-image-11063\" alt=\"\" srcset=\"https:\/\/www.tenutaterravita.it\/wp-content\/uploads\/2021\/10\/00384-Terravita-1024x683.jpg 1024w, https:\/\/www.tenutaterravita.it\/wp-content\/uploads\/2021\/10\/00384-Terravita-300x200.jpg 300w, https:\/\/www.tenutaterravita.it\/wp-content\/uploads\/2021\/10\/00384-Terravita-600x400.jpg 600w, https:\/\/www.tenutaterravita.it\/wp-content\/uploads\/2021\/10\/00384-Terravita-768x512.jpg 768w, https:\/\/www.tenutaterravita.it\/wp-content\/uploads\/2021\/10\/00384-Terravita-1536x1024.jpg 1536w, https:\/\/www.tenutaterravita.it\/wp-content\/uploads\/2021\/10\/00384-Terravita.jpg 1920w\" sizes=\"(max-width: 1024px) 100vw, 1024px\" \/>\t\t\t\t\t\t\t\t<\/a>\n\t\t\t\t\t\t\t\t\t\t\t\t\t\t\t<\/div>\n\t\t\t\t<\/div>\n\t\t\t\t\t<\/div>\n\t\t<\/div>\n\t\t\t\t\t<\/div>\n\t\t<\/section>\n\t\t\t\t\t<\/div>\n\t\t<\/div>\n\t\t\t\t\t<\/div>\n\t\t<\/section>\n\t\t\t\t<section class=\"elementor-section elementor-top-section elementor-element elementor-element-23cf94fc elementor-section-full_width qodef-elementor-content-grid elementor-section-stretched elementor-section-height-default elementor-section-height-default\" data-id=\"23cf94fc\" data-element_type=\"section\" data-settings=\"{&quot;background_background&quot;:&quot;classic&quot;,&quot;stretch_section&quot;:&quot;section-stretched&quot;}\">\n\t\t\t\t\t\t<div class=\"elementor-container elementor-column-gap-no\">\n\t\t\t\t\t<div class=\"elementor-column elementor-col-100 elementor-top-column elementor-element elementor-element-fad3669\" data-id=\"fad3669\" data-element_type=\"column\">\n\t\t\t<div class=\"elementor-widget-wrap elementor-element-populated\">\n\t\t\t\t\t\t<div class=\"elementor-element elementor-element-45ed004a elementor-widget elementor-widget-text-editor\" data-id=\"45ed004a\" data-element_type=\"widget\" data-widget_type=\"text-editor.default\">\n\t\t\t\t<div class=\"elementor-widget-container\">\n\t\t\t\t\t\t\t\t\t<h2 style=\"text-align: center; color: #b56953; font-size: 43px;\">Ferien in der Maremma, Val di Cornia<\/h2><p class=\"p1\">Wer gerne spazieren geht, sollte sich bis zu dem nat\u00fcrlichen Becken des<a href=\"https:\/\/www.tenutaterravita.it\/de\/parchi-val-di-cornia\/\"> Flusses Cornia<\/a> wagen, das durch den Einsturz einer alten Br\u00fccke entstanden ist.<br \/>durch den Einsturz einer alten Br\u00fccke entstanden ist, die bereits auf den Karten des Leopoldinischen Katasters von 1765 verzeichnet ist.<\/p>\t\t\t\t\t\t\t\t<\/div>\n\t\t\t\t<\/div>\n\t\t\t\t<section class=\"elementor-section elementor-inner-section elementor-element elementor-element-29b30462 elementor-section-boxed elementor-section-height-default elementor-section-height-default qodef-elementor-content-no\" data-id=\"29b30462\" data-element_type=\"section\">\n\t\t\t\t\t\t<div class=\"elementor-container elementor-column-gap-default\">\n\t\t\t\t\t<div class=\"elementor-column elementor-col-100 elementor-inner-column elementor-element elementor-element-1e0788d2\" data-id=\"1e0788d2\" data-element_type=\"column\">\n\t\t\t<div class=\"elementor-widget-wrap elementor-element-populated\">\n\t\t\t\t\t\t<div class=\"elementor-element elementor-element-789a9f44 elementor-widget elementor-widget-image\" data-id=\"789a9f44\" data-element_type=\"widget\" data-widget_type=\"image.default\">\n\t\t\t\t<div class=\"elementor-widget-container\">\n\t\t\t\t\t\t\t\t\t\t\t\t\t\t\t<img decoding=\"async\" width=\"1024\" height=\"768\" src=\"https:\/\/www.tenutaterravita.it\/wp-content\/uploads\/2021\/12\/IMG_0579-1024x768.jpg\" class=\"attachment-large size-large wp-image-11065\" alt=\"\" srcset=\"https:\/\/www.tenutaterravita.it\/wp-content\/uploads\/2021\/12\/IMG_0579-1024x768.jpg 1024w, https:\/\/www.tenutaterravita.it\/wp-content\/uploads\/2021\/12\/IMG_0579-300x225.jpg 300w, https:\/\/www.tenutaterravita.it\/wp-content\/uploads\/2021\/12\/IMG_0579-scaled-600x450.jpg 600w, https:\/\/www.tenutaterravita.it\/wp-content\/uploads\/2021\/12\/IMG_0579-768x576.jpg 768w, https:\/\/www.tenutaterravita.it\/wp-content\/uploads\/2021\/12\/IMG_0579-1536x1152.jpg 1536w, https:\/\/www.tenutaterravita.it\/wp-content\/uploads\/2021\/12\/IMG_0579-2048x1536.jpg 2048w\" sizes=\"(max-width: 1024px) 100vw, 1024px\" \/>\t\t\t\t\t\t\t\t\t\t\t\t\t\t\t<\/div>\n\t\t\t\t<\/div>\n\t\t\t\t\t<\/div>\n\t\t<\/div>\n\t\t\t\t\t<\/div>\n\t\t<\/section>\n\t\t\t\t\t<\/div>\n\t\t<\/div>\n\t\t\t\t\t<\/div>\n\t\t<\/section>\n\t\t\t\t<section class=\"elementor-section elementor-top-section elementor-element elementor-element-33967368 elementor-section-full_width qodef-elementor-content-grid elementor-section-height-default elementor-section-height-default\" data-id=\"33967368\" data-element_type=\"section\">\n\t\t\t\t\t\t<div class=\"elementor-container elementor-column-gap-no\">\n\t\t\t\t\t<div class=\"elementor-column elementor-col-100 elementor-top-column elementor-element elementor-element-5bbabe82\" data-id=\"5bbabe82\" data-element_type=\"column\">\n\t\t\t<div class=\"elementor-widget-wrap elementor-element-populated\">\n\t\t\t\t\t\t<div class=\"elementor-element elementor-element-78ae40e0 elementor-widget elementor-widget-alloggio_core_section_title\" data-id=\"78ae40e0\" data-element_type=\"widget\" data-widget_type=\"alloggio_core_section_title.default\">\n\t\t\t\t<div class=\"elementor-widget-container\">\n\t\t\t\t\t<div class=\"qodef-shortcode qodef-m  qodef-section-title qodef-alignment--center\">\n\t\t<\/div>\t\t\t\t<\/div>\n\t\t\t\t<\/div>\n\t\t\t\t\t<\/div>\n\t\t<\/div>\n\t\t\t\t\t<\/div>\n\t\t<\/section>\n\t\t\t\t<section class=\"elementor-section elementor-top-section elementor-element elementor-element-358457b8 elementor-section-full_width qodef-elementor-content-grid elementor-section-height-default elementor-section-height-default\" data-id=\"358457b8\" data-element_type=\"section\" id=\"form\">\n\t\t\t\t\t\t<div class=\"elementor-container elementor-column-gap-no\">\n\t\t\t\t\t<div class=\"elementor-column elementor-col-100 elementor-top-column elementor-element elementor-element-7941d9e7\" data-id=\"7941d9e7\" data-element_type=\"column\">\n\t\t\t<div class=\"elementor-widget-wrap elementor-element-populated\">\n\t\t\t\t\t\t<section class=\"elementor-section elementor-inner-section elementor-element elementor-element-16cdf7c1 elementor-section-boxed elementor-section-height-default elementor-section-height-default qodef-elementor-content-no\" data-id=\"16cdf7c1\" data-element_type=\"section\">\n\t\t\t\t\t\t<div class=\"elementor-container elementor-column-gap-default\">\n\t\t\t\t\t<div class=\"elementor-column elementor-col-100 elementor-inner-column elementor-element elementor-element-38e9b44c\" data-id=\"38e9b44c\" data-element_type=\"column\">\n\t\t\t<div class=\"elementor-widget-wrap elementor-element-populated\">\n\t\t\t\t\t\t<div class=\"elementor-element elementor-element-7c457bc7 elementor-widget elementor-widget-heading\" data-id=\"7c457bc7\" data-element_type=\"widget\" data-widget_type=\"heading.default\">\n\t\t\t\t<div class=\"elementor-widget-container\">\n\t\t\t\t\t<h2 class=\"elementor-heading-title elementor-size-default\">Buchen bei uns zahlt sich aus<\/h2>\t\t\t\t<\/div>\n\t\t\t\t<\/div>\n\t\t\t\t\t<\/div>\n\t\t<\/div>\n\t\t\t\t\t<\/div>\n\t\t<\/section>\n\t\t\t\t<section class=\"elementor-section elementor-inner-section elementor-element elementor-element-7e2938f9 elementor-section-boxed elementor-section-height-default elementor-section-height-default qodef-elementor-content-no\" data-id=\"7e2938f9\" data-element_type=\"section\">\n\t\t\t\t\t\t<div class=\"elementor-container elementor-column-gap-default\">\n\t\t\t\t\t<div class=\"elementor-column elementor-col-50 elementor-inner-column elementor-element elementor-element-44c4e89\" data-id=\"44c4e89\" data-element_type=\"column\" data-settings=\"{&quot;background_background&quot;:&quot;classic&quot;}\">\n\t\t\t<div class=\"elementor-widget-wrap elementor-element-populated\">\n\t\t\t\t\t\t<div class=\"elementor-element elementor-element-622c2b66 elementor-widget elementor-widget-text-editor\" data-id=\"622c2b66\" data-element_type=\"widget\" data-widget_type=\"text-editor.default\">\n\t\t\t\t<div class=\"elementor-widget-container\">\n\t\t\t\t\t\t\t\t\t<ul><li>Bester verf\u00fcgbarer Preis<\/li><li>Ma\u00dfgeschneiderte Angebote<\/li><li>Direkter Kontakt mit dem Personal<\/li><\/ul>\t\t\t\t\t\t\t\t<\/div>\n\t\t\t\t<\/div>\n\t\t\t\t\t<\/div>\n\t\t<\/div>\n\t\t\t\t<div class=\"elementor-column elementor-col-50 elementor-inner-column elementor-element elementor-element-22608c6e\" data-id=\"22608c6e\" data-element_type=\"column\">\n\t\t\t<div class=\"elementor-widget-wrap elementor-element-populated\">\n\t\t\t\t\t\t<div class=\"elementor-element elementor-element-6069bc5b elementor-widget elementor-widget-text-editor\" data-id=\"6069bc5b\" data-element_type=\"widget\" data-widget_type=\"text-editor.default\">\n\t\t\t\t<div class=\"elementor-widget-container\">\n\t\t\t\t\t\t\t\t\t<p><style><span style=\"display: inline-block; width: 0px; overflow: hidden; line-height: 0;\" data-mce-type=\"bookmark\" class=\"mce_SELRES_start\">\ufeff<\/span><br \/>\n  iframe {width: 1px;min-width: 100%;}<\/style><\/p><p><script src=\"https:\/\/www.berevenue.it\/wp-includes\/js\/iframeResizer.min.js\"><\/script><br \/><iframe id=\"quotebox\" src=\"https:\/\/be.quovai.com\/be\/tenutaterravita\/quote-box\" scrolling=\"no\"><\/iframe><br \/><script>\n  iFrameResize({ log: true }, '#quotebox')\n<\/script><\/p>\t\t\t\t\t\t\t\t<\/div>\n\t\t\t\t<\/div>\n\t\t\t\t\t<\/div>\n\t\t<\/div>\n\t\t\t\t\t<\/div>\n\t\t<\/section>\n\t\t\t\t\t<\/div>\n\t\t<\/div>\n\t\t\t\t\t<\/div>\n\t\t<\/section>\n\t\t\t\t<\/div>\n\t\t","protected":false},"excerpt":{"rendered":"<p>Toskanisches Landgut mit Schwimmbad Das Landgut TerraVita liegt nur wenige Minuten von Suvereto entfernt, einem reizvollen mittelalterlichen Dorf in der oberen Maremma in der Toskana, das zum Kreis der \u201esch\u00f6nsten D\u00f6rfer Italiens\u201c geh\u00f6rt. Das Anwesen erstreckt sich \u00fcber vierzig Hektar, die von einem Waldgebiet und dem Zusammenfluss der Fl\u00fcsse Cornia und Milia begrenzt werden. Dreiundzwanzig [&hellip;]<\/p>\n","protected":false},"author":10,"featured_media":0,"parent":0,"menu_order":0,"comment_status":"closed","ping_status":"closed","template":"page-full-width.php","meta":{"footnotes":""},"class_list":["post-11204","page","type-page","status-publish","hentry"],"_links":{"self":[{"href":"https:\/\/www.tenutaterravita.it\/de\/wp-json\/wp\/v2\/pages\/11204","targetHints":{"allow":["GET"]}}],"collection":[{"href":"https:\/\/www.tenutaterravita.it\/de\/wp-json\/wp\/v2\/pages"}],"about":[{"href":"https:\/\/www.tenutaterravita.it\/de\/wp-json\/wp\/v2\/types\/page"}],"author":[{"embeddable":true,"href":"https:\/\/www.tenutaterravita.it\/de\/wp-json\/wp\/v2\/users\/10"}],"replies":[{"embeddable":true,"href":"https:\/\/www.tenutaterravita.it\/de\/wp-json\/wp\/v2\/comments?post=11204"}],"version-history":[{"count":5,"href":"https:\/\/www.tenutaterravita.it\/de\/wp-json\/wp\/v2\/pages\/11204\/revisions"}],"predecessor-version":[{"id":12232,"href":"https:\/\/www.tenutaterravita.it\/de\/wp-json\/wp\/v2\/pages\/11204\/revisions\/12232"}],"wp:attachment":[{"href":"https:\/\/www.tenutaterravita.it\/de\/wp-json\/wp\/v2\/media?parent=11204"}],"curies":[{"name":"wp","href":"https:\/\/api.w.org\/{rel}","templated":true}]}}