{"id":11206,"date":"2020-03-23T11:38:45","date_gmt":"2020-03-23T10:38:45","guid":{"rendered":"https:\/\/www.tenutaterravita.it\/costa-degli-etruschi\/"},"modified":"2025-04-24T11:21:17","modified_gmt":"2025-04-24T09:21:17","slug":"das-gebiet","status":"publish","type":"page","link":"https:\/\/www.tenutaterravita.it\/de\/das-gebiet\/","title":{"rendered":"Das Gebiet"},"content":{"rendered":"\t\t<div data-elementor-type=\"wp-page\" data-elementor-id=\"11206\" class=\"elementor elementor-11206 elementor-694\">\n\t\t\t\t\t\t<section class=\"elementor-section elementor-top-section elementor-element elementor-element-5ecda08 elementor-section-full_width elementor-section-height-default elementor-section-height-default qodef-elementor-content-no\" data-id=\"5ecda08\" data-element_type=\"section\">\n\t\t\t\t\t\t<div class=\"elementor-container elementor-column-gap-no\">\n\t\t\t\t\t<div class=\"elementor-column elementor-col-100 elementor-top-column elementor-element elementor-element-17de6b1\" data-id=\"17de6b1\" data-element_type=\"column\">\n\t\t\t<div class=\"elementor-widget-wrap elementor-element-populated\">\n\t\t\t\t\t\t<div class=\"elementor-element elementor-element-0130b70 elementor-widget elementor-widget-text-editor\" data-id=\"0130b70\" data-element_type=\"widget\" data-widget_type=\"text-editor.default\">\n\t\t\t\t<div class=\"elementor-widget-container\">\n\t\t\t\t\t\t\t\t\t<h1 style=\"text-align: center; color: #b86e59;\">Costa degli Etruschi, Toskana<\/h1><p>Hier ist die Toskana, die das Mittelmeer atmet, die etruskische K\u00fcste, vom Libeccio gekratzt und von der Sonne gestreichelt. Die wilde Seele der Maremma, die DNA der Etrusker, die Poesie eines Gebiets, das sich zum Meer hin \u00f6ffnet und den Metallh\u00fcgeln gegen\u00fcberliegt. Das Land der edlen und legend\u00e4ren Weine ist auch der Ort der Winzer, die weniger Wert auf das Etikett legen, sondern die Arbeit auf dem Feld und im Keller bevorzugen. Und es ist auch ein Land, in dem das \u00d6l, das die Essenz dieser Ecke der Toskana zum Ausdruck bringt, besonders rein ist. Die Stra\u00dfen und Wege der Costa degli Etruschi sind das, wovon jeder Reisende tr\u00e4umt, und wenn Sie gerne Rad fahren, sind Sie im Paradies. Wenn Sie hingegen gerne spazieren gehen, finden Sie hier <strong><span style=\"color: #993300;\">kilometerlange Wege und Str\u00e4nde<\/span><\/strong>, die Sie sowohl im Winter als auch im Hochsommer in der Einsamkeit genie\u00dfen k\u00f6nnen. Probieren Sie es aus, um es zu glauben. Pl\u00e4tze und Gassen, Bars und Tavernen in kleinen D\u00f6rfern sind die Orte, die Ihnen die menschliche Dimension der italienischen Provinz n\u00e4her bringen. Die starke, rebellische, bissige Seele der Maremma ist in einer Umgebung, die immer \u201emenschlich\u201c bleibt, leicht zu sp\u00fcren. Die \u201eBorghi e torri\u201c (D\u00f6rfer und T\u00fcrme), die Landwirtschaft, die Schafzucht, die landwirtschaftlichen Organisationen und die Wandersch\u00e4ferei haben dieses ausgewogene Gebiet gepr\u00e4gt, dessen Anthropisierung sich historisch in den H\u00fcgeln entwickelt hat, um eine m\u00f6glichst gesunde und sichere Umwelt zu schaffen.<\/p>\t\t\t\t\t\t\t\t<\/div>\n\t\t\t\t<\/div>\n\t\t\t\t<div class=\"elementor-element elementor-element-901b31b elementor-widget elementor-widget-alloggio_core_blog_list\" data-id=\"901b31b\" data-element_type=\"widget\" data-widget_type=\"alloggio_core_blog_list.default\">\n\t\t\t\t<div class=\"elementor-widget-container\">\n\t\t\t\t\t<div class=\"qodef-shortcode qodef-m  qodef-blog qodef-item-layout--metro  qodef--has-animation qodef-grid qodef-layout--masonry  qodef-gutter--normal qodef-col-num--2 qodef-item-layout--metro qodef--no-bottom-space qodef-pagination--off qodef-responsive--predefined\" data-options=\"{&quot;plugin&quot;:&quot;alloggio_core&quot;,&quot;module&quot;:&quot;blog\\\/shortcodes&quot;,&quot;shortcode&quot;:&quot;blog-list&quot;,&quot;post_type&quot;:&quot;post&quot;,&quot;next_page&quot;:&quot;2&quot;,&quot;max_pages_num&quot;:1,&quot;behavior&quot;:&quot;masonry&quot;,&quot;columns&quot;:&quot;2&quot;,&quot;columns_responsive&quot;:&quot;predefined&quot;,&quot;space&quot;:&quot;normal&quot;,&quot;posts_per_page&quot;:&quot;12&quot;,&quot;orderby&quot;:&quot;date&quot;,&quot;order&quot;:&quot;ASC&quot;,&quot;additional_params&quot;:&quot;tax&quot;,&quot;tax&quot;:&quot;category&quot;,&quot;tax_slug&quot;:&quot;territorio&quot;,&quot;layout&quot;:&quot;metro&quot;,&quot;title_tag&quot;:&quot;h3&quot;,&quot;enable_animation&quot;:&quot;yes&quot;,&quot;enable_filter&quot;:&quot;no&quot;,&quot;pagination_type&quot;:&quot;no-pagination&quot;,&quot;object_class_name&quot;:&quot;AlloggioCoreBlogListShortcode&quot;,&quot;taxonomy_filter&quot;:&quot;category&quot;,&quot;additional_query_args&quot;:{&quot;tax_query&quot;:[{&quot;taxonomy&quot;:&quot;category&quot;,&quot;field&quot;:&quot;slug&quot;,&quot;terms&quot;:&quot;territorio&quot;}]},&quot;space_value&quot;:15}\">\n\t\t<div class=\"qodef-grid-inner clear\">\n\t\t\t<div class=\"qodef-grid-masonry-sizer\"><\/div>\n\t<div class=\"qodef-grid-masonry-gutter\"><\/div>\n<article class=\"qodef-e qodef-blog-item qodef-grid-item post-11171 post type-post status-publish format-standard has-post-thumbnail hentry category-territorium\">\n\t<div class=\"qodef-e-inner\">\n\t\t\t<div class=\"qodef-e-media-image qodef--background\" style=\"background-image: url( https:\/\/www.tenutaterravita.it\/wp-content\/uploads\/2021\/05\/00284-suvereto.jpg)\">\n\t\t<img fetchpriority=\"high\" decoding=\"async\" width=\"1920\" height=\"1280\" src=\"https:\/\/www.tenutaterravita.it\/wp-content\/uploads\/2021\/05\/00284-suvereto.jpg\" class=\"attachment-full size-full wp-post-image\" alt=\"\" srcset=\"https:\/\/www.tenutaterravita.it\/wp-content\/uploads\/2021\/05\/00284-suvereto.jpg 1920w, https:\/\/www.tenutaterravita.it\/wp-content\/uploads\/2021\/05\/00284-suvereto-300x200.jpg 300w, https:\/\/www.tenutaterravita.it\/wp-content\/uploads\/2021\/05\/00284-suvereto-600x400.jpg 600w, https:\/\/www.tenutaterravita.it\/wp-content\/uploads\/2021\/05\/00284-suvereto-1024x683.jpg 1024w, https:\/\/www.tenutaterravita.it\/wp-content\/uploads\/2021\/05\/00284-suvereto-768x512.jpg 768w, https:\/\/www.tenutaterravita.it\/wp-content\/uploads\/2021\/05\/00284-suvereto-1536x1024.jpg 1536w\" sizes=\"(max-width: 1920px) 100vw, 1920px\" \/>\t<\/div>\n\t\t<div class=\"qodef-e-content\">\n\t\t\t<div class=\"qodef-e-info qodef-info--top\">\n\t\t\t\t<div itemprop=\"dateCreated\" class=\"qodef-e-info-item qodef-e-info-date entry-date \">\n\t<a itemprop=\"url\" href=\"https:\/\/www.tenutaterravita.it\/de\/2021\/05\/\">06\/05\/2021<\/a>\n\t<meta itemprop=\"interactionCount\" content=\"UserComments: 0\"\/>\n<\/div>\t\t\t<\/div>\n\t\t\t<h3 itemprop=\"name\" class=\"qodef-e-title entry-title\" >\n\t<a itemprop=\"url\" class=\"qodef-e-title-link\" href=\"https:\/\/www.tenutaterravita.it\/de\/suvereto-toscana\/\">\n\t\tSuvereto\t<\/a>\n<\/h3>\t\t<\/div>\n\t\t<a itemprop=\"url\" class=\"qodef-e-post-link\" href=\"https:\/\/www.tenutaterravita.it\/de\/suvereto-toscana\/\"><\/a>\t<\/div>\n<\/article><article class=\"qodef-e qodef-blog-item qodef-grid-item post-11170 post type-post status-publish format-standard has-post-thumbnail hentry category-territorium\">\n\t<div class=\"qodef-e-inner\">\n\t\t\t<div class=\"qodef-e-media-image qodef--background\" style=\"background-image: url( https:\/\/www.tenutaterravita.it\/wp-content\/uploads\/2021\/05\/00102-baratti.jpg)\">\n\t\t<img decoding=\"async\" width=\"1920\" height=\"1281\" src=\"https:\/\/www.tenutaterravita.it\/wp-content\/uploads\/2021\/05\/00102-baratti.jpg\" class=\"attachment-full size-full wp-post-image\" alt=\"\" srcset=\"https:\/\/www.tenutaterravita.it\/wp-content\/uploads\/2021\/05\/00102-baratti.jpg 1920w, https:\/\/www.tenutaterravita.it\/wp-content\/uploads\/2021\/05\/00102-baratti-300x200.jpg 300w, https:\/\/www.tenutaterravita.it\/wp-content\/uploads\/2021\/05\/00102-baratti-600x400.jpg 600w, https:\/\/www.tenutaterravita.it\/wp-content\/uploads\/2021\/05\/00102-baratti-1024x683.jpg 1024w, https:\/\/www.tenutaterravita.it\/wp-content\/uploads\/2021\/05\/00102-baratti-768x512.jpg 768w, https:\/\/www.tenutaterravita.it\/wp-content\/uploads\/2021\/05\/00102-baratti-1536x1025.jpg 1536w\" sizes=\"(max-width: 1920px) 100vw, 1920px\" \/>\t<\/div>\n\t\t<div class=\"qodef-e-content\">\n\t\t\t<div class=\"qodef-e-info qodef-info--top\">\n\t\t\t\t<div itemprop=\"dateCreated\" class=\"qodef-e-info-item qodef-e-info-date entry-date \">\n\t<a itemprop=\"url\" href=\"https:\/\/www.tenutaterravita.it\/de\/2021\/10\/\">13\/10\/2021<\/a>\n\t<meta itemprop=\"interactionCount\" content=\"UserComments: 0\"\/>\n<\/div>\t\t\t<\/div>\n\t\t\t<h3 itemprop=\"name\" class=\"qodef-e-title entry-title\" >\n\t<a itemprop=\"url\" class=\"qodef-e-title-link\" href=\"https:\/\/www.tenutaterravita.it\/de\/straende-und-felsen\/\">\n\t\tStr\u00e4nde und Felsen\t<\/a>\n<\/h3>\t\t<\/div>\n\t\t<a itemprop=\"url\" class=\"qodef-e-post-link\" href=\"https:\/\/www.tenutaterravita.it\/de\/straende-und-felsen\/\"><\/a>\t<\/div>\n<\/article><article class=\"qodef-e qodef-blog-item qodef-grid-item post-11169 post type-post status-publish format-standard has-post-thumbnail hentry category-territorium\">\n\t<div class=\"qodef-e-inner\">\n\t\t\t<div class=\"qodef-e-media-image qodef--background\" style=\"background-image: url( https:\/\/www.tenutaterravita.it\/wp-content\/uploads\/2021\/05\/00074-valdicornia.jpg)\">\n\t\t<img decoding=\"async\" width=\"1920\" height=\"1280\" src=\"https:\/\/www.tenutaterravita.it\/wp-content\/uploads\/2021\/05\/00074-valdicornia.jpg\" class=\"attachment-full size-full wp-post-image\" alt=\"\" srcset=\"https:\/\/www.tenutaterravita.it\/wp-content\/uploads\/2021\/05\/00074-valdicornia.jpg 1920w, https:\/\/www.tenutaterravita.it\/wp-content\/uploads\/2021\/05\/00074-valdicornia-300x200.jpg 300w, https:\/\/www.tenutaterravita.it\/wp-content\/uploads\/2021\/05\/00074-valdicornia-600x400.jpg 600w, https:\/\/www.tenutaterravita.it\/wp-content\/uploads\/2021\/05\/00074-valdicornia-1024x683.jpg 1024w, https:\/\/www.tenutaterravita.it\/wp-content\/uploads\/2021\/05\/00074-valdicornia-768x512.jpg 768w, https:\/\/www.tenutaterravita.it\/wp-content\/uploads\/2021\/05\/00074-valdicornia-1536x1024.jpg 1536w\" sizes=\"(max-width: 1920px) 100vw, 1920px\" \/>\t<\/div>\n\t\t<div class=\"qodef-e-content\">\n\t\t\t<div class=\"qodef-e-info qodef-info--top\">\n\t\t\t\t<div itemprop=\"dateCreated\" class=\"qodef-e-info-item qodef-e-info-date entry-date \">\n\t<a itemprop=\"url\" href=\"https:\/\/www.tenutaterravita.it\/de\/2021\/10\/\">13\/10\/2021<\/a>\n\t<meta itemprop=\"interactionCount\" content=\"UserComments: 0\"\/>\n<\/div>\t\t\t<\/div>\n\t\t\t<h3 itemprop=\"name\" class=\"qodef-e-title entry-title\" >\n\t<a itemprop=\"url\" class=\"qodef-e-title-link\" href=\"https:\/\/www.tenutaterravita.it\/de\/parchi-val-di-cornia\/\">\n\t\tVal di Cornia Parks\t<\/a>\n<\/h3>\t\t<\/div>\n\t\t<a itemprop=\"url\" class=\"qodef-e-post-link\" href=\"https:\/\/www.tenutaterravita.it\/de\/parchi-val-di-cornia\/\"><\/a>\t<\/div>\n<\/article><article class=\"qodef-e qodef-blog-item qodef-grid-item post-11168 post type-post status-publish format-standard has-post-thumbnail hentry category-territorium\">\n\t<div class=\"qodef-e-inner\">\n\t\t\t<div class=\"qodef-e-media-image qodef--background\" style=\"background-image: url( https:\/\/www.tenutaterravita.it\/wp-content\/uploads\/2021\/10\/est-cerreta.jpeg)\">\n\t\t<img loading=\"lazy\" decoding=\"async\" width=\"1920\" height=\"1280\" src=\"https:\/\/www.tenutaterravita.it\/wp-content\/uploads\/2021\/10\/est-cerreta.jpeg\" class=\"attachment-full size-full wp-post-image\" alt=\"\" srcset=\"https:\/\/www.tenutaterravita.it\/wp-content\/uploads\/2021\/10\/est-cerreta.jpeg 1920w, https:\/\/www.tenutaterravita.it\/wp-content\/uploads\/2021\/10\/est-cerreta-300x200.jpeg 300w, https:\/\/www.tenutaterravita.it\/wp-content\/uploads\/2021\/10\/est-cerreta-600x400.jpeg 600w, https:\/\/www.tenutaterravita.it\/wp-content\/uploads\/2021\/10\/est-cerreta-1024x683.jpeg 1024w, https:\/\/www.tenutaterravita.it\/wp-content\/uploads\/2021\/10\/est-cerreta-768x512.jpeg 768w, https:\/\/www.tenutaterravita.it\/wp-content\/uploads\/2021\/10\/est-cerreta-1536x1024.jpeg 1536w\" sizes=\"(max-width: 1920px) 100vw, 1920px\" \/>\t<\/div>\n\t\t<div class=\"qodef-e-content\">\n\t\t\t<div class=\"qodef-e-info qodef-info--top\">\n\t\t\t\t<div itemprop=\"dateCreated\" class=\"qodef-e-info-item qodef-e-info-date entry-date \">\n\t<a itemprop=\"url\" href=\"https:\/\/www.tenutaterravita.it\/de\/2021\/10\/\">13\/10\/2021<\/a>\n\t<meta itemprop=\"interactionCount\" content=\"UserComments: 0\"\/>\n<\/div>\t\t\t<\/div>\n\t\t\t<h3 itemprop=\"name\" class=\"qodef-e-title entry-title\" >\n\t<a itemprop=\"url\" class=\"qodef-e-title-link\" href=\"https:\/\/www.tenutaterravita.it\/de\/heilbad\/\">\n\t\tHeilbad\t<\/a>\n<\/h3>\t\t<\/div>\n\t\t<a itemprop=\"url\" class=\"qodef-e-post-link\" href=\"https:\/\/www.tenutaterravita.it\/de\/heilbad\/\"><\/a>\t<\/div>\n<\/article>\t<\/div>\n\t<\/div>\t\t\t\t<\/div>\n\t\t\t\t<\/div>\n\t\t\t\t\t<\/div>\n\t\t<\/div>\n\t\t\t\t\t<\/div>\n\t\t<\/section>\n\t\t\t\t<section class=\"elementor-section elementor-top-section elementor-element elementor-element-6cc1c3a8 elementor-section-full_width qodef-elementor-content-grid elementor-section-height-default elementor-section-height-default\" data-id=\"6cc1c3a8\" data-element_type=\"section\" id=\"form\">\n\t\t\t\t\t\t<div class=\"elementor-container elementor-column-gap-no\">\n\t\t\t\t\t<div class=\"elementor-column elementor-col-100 elementor-top-column elementor-element elementor-element-309ba521\" data-id=\"309ba521\" data-element_type=\"column\">\n\t\t\t<div class=\"elementor-widget-wrap elementor-element-populated\">\n\t\t\t\t\t\t<section class=\"elementor-section elementor-inner-section elementor-element elementor-element-53cde305 elementor-section-boxed elementor-section-height-default elementor-section-height-default qodef-elementor-content-no\" data-id=\"53cde305\" data-element_type=\"section\">\n\t\t\t\t\t\t<div class=\"elementor-container elementor-column-gap-default\">\n\t\t\t\t\t<div class=\"elementor-column elementor-col-100 elementor-inner-column elementor-element elementor-element-4de69473\" data-id=\"4de69473\" data-element_type=\"column\">\n\t\t\t<div class=\"elementor-widget-wrap elementor-element-populated\">\n\t\t\t\t\t\t<div class=\"elementor-element elementor-element-6f0f3a1a elementor-widget elementor-widget-heading\" data-id=\"6f0f3a1a\" data-element_type=\"widget\" data-widget_type=\"heading.default\">\n\t\t\t\t<div class=\"elementor-widget-container\">\n\t\t\t\t\t<h2 class=\"elementor-heading-title elementor-size-default\">Buchen bei uns zahlt sich aus<\/h2>\t\t\t\t<\/div>\n\t\t\t\t<\/div>\n\t\t\t\t\t<\/div>\n\t\t<\/div>\n\t\t\t\t\t<\/div>\n\t\t<\/section>\n\t\t\t\t<section class=\"elementor-section elementor-inner-section elementor-element elementor-element-72ed28f elementor-section-boxed elementor-section-height-default elementor-section-height-default qodef-elementor-content-no\" data-id=\"72ed28f\" data-element_type=\"section\">\n\t\t\t\t\t\t<div class=\"elementor-container elementor-column-gap-default\">\n\t\t\t\t\t<div class=\"elementor-column elementor-col-50 elementor-inner-column elementor-element elementor-element-3b9bd0b2\" data-id=\"3b9bd0b2\" data-element_type=\"column\" data-settings=\"{&quot;background_background&quot;:&quot;classic&quot;}\">\n\t\t\t<div class=\"elementor-widget-wrap elementor-element-populated\">\n\t\t\t\t\t\t<div class=\"elementor-element elementor-element-627874ca elementor-widget elementor-widget-text-editor\" data-id=\"627874ca\" data-element_type=\"widget\" data-widget_type=\"text-editor.default\">\n\t\t\t\t<div class=\"elementor-widget-container\">\n\t\t\t\t\t\t\t\t\t<ul><li>Bester verf\u00fcgbarer Preis<\/li><li>Ma\u00dfgeschneiderte Angebote<\/li><li>Direkter Kontakt mit dem Personal<\/li><\/ul>\t\t\t\t\t\t\t\t<\/div>\n\t\t\t\t<\/div>\n\t\t\t\t\t<\/div>\n\t\t<\/div>\n\t\t\t\t<div class=\"elementor-column elementor-col-50 elementor-inner-column elementor-element elementor-element-1040ff22\" data-id=\"1040ff22\" data-element_type=\"column\">\n\t\t\t<div class=\"elementor-widget-wrap elementor-element-populated\">\n\t\t\t\t\t\t<div class=\"elementor-element elementor-element-78f69eef elementor-widget elementor-widget-text-editor\" data-id=\"78f69eef\" data-element_type=\"widget\" data-widget_type=\"text-editor.default\">\n\t\t\t\t<div class=\"elementor-widget-container\">\n\t\t\t\t\t\t\t\t\t<style>\n  iframe {width: 1px;min-width: 100%;}<\/style>\n\n<script src=\"https:\/\/www.berevenue.it\/wp-includes\/js\/iframeResizer.min.js\"><\/script>\n<iframe id=\"quotebox\" src=\"https:\/\/be.quovai.com\/be\/tenutaterravita\/quote-box\" scrolling=\"no\"><\/iframe>\n<script>\n  iFrameResize({ log: true }, '#quotebox')\n<\/script>\t\t\t\t\t\t\t\t<\/div>\n\t\t\t\t<\/div>\n\t\t\t\t\t<\/div>\n\t\t<\/div>\n\t\t\t\t\t<\/div>\n\t\t<\/section>\n\t\t\t\t\t<\/div>\n\t\t<\/div>\n\t\t\t\t\t<\/div>\n\t\t<\/section>\n\t\t\t\t<\/div>\n\t\t","protected":false},"excerpt":{"rendered":"<p>Costa degli Etruschi, Toskana Hier ist die Toskana, die das Mittelmeer atmet, die etruskische K\u00fcste, vom Libeccio gekratzt und von der Sonne gestreichelt. Die wilde Seele der Maremma, die DNA der Etrusker, die Poesie eines Gebiets, das sich zum Meer hin \u00f6ffnet und den Metallh\u00fcgeln gegen\u00fcberliegt. Das Land der edlen und legend\u00e4ren Weine ist auch [&hellip;]<\/p>\n","protected":false},"author":10,"featured_media":0,"parent":0,"menu_order":0,"comment_status":"closed","ping_status":"closed","template":"","meta":{"footnotes":""},"class_list":["post-11206","page","type-page","status-publish","hentry"],"_links":{"self":[{"href":"https:\/\/www.tenutaterravita.it\/de\/wp-json\/wp\/v2\/pages\/11206","targetHints":{"allow":["GET"]}}],"collection":[{"href":"https:\/\/www.tenutaterravita.it\/de\/wp-json\/wp\/v2\/pages"}],"about":[{"href":"https:\/\/www.tenutaterravita.it\/de\/wp-json\/wp\/v2\/types\/page"}],"author":[{"embeddable":true,"href":"https:\/\/www.tenutaterravita.it\/de\/wp-json\/wp\/v2\/users\/10"}],"replies":[{"embeddable":true,"href":"https:\/\/www.tenutaterravita.it\/de\/wp-json\/wp\/v2\/comments?post=11206"}],"version-history":[{"count":5,"href":"https:\/\/www.tenutaterravita.it\/de\/wp-json\/wp\/v2\/pages\/11206\/revisions"}],"predecessor-version":[{"id":11581,"href":"https:\/\/www.tenutaterravita.it\/de\/wp-json\/wp\/v2\/pages\/11206\/revisions\/11581"}],"wp:attachment":[{"href":"https:\/\/www.tenutaterravita.it\/de\/wp-json\/wp\/v2\/media?parent=11206"}],"curies":[{"name":"wp","href":"https:\/\/api.w.org\/{rel}","templated":true}]}}