{"id":11177,"date":"2025-02-24T11:59:41","date_gmt":"2025-02-24T10:59:41","guid":{"rendered":"https:\/\/www.tenutaterravita.it\/prodotto\/fermento-2022\/"},"modified":"2025-04-24T14:38:57","modified_gmt":"2025-04-24T12:38:57","slug":"fermento-2022","status":"publish","type":"product","link":"https:\/\/www.tenutaterravita.it\/de\/prodotto\/fermento-2022\/","title":{"rendered":"Fermento"},"content":{"rendered":"<p>Die Sangiovese-Trauben werden durch sorgf\u00e4ltige Auswahl der Trauben von Hand gelesen und stammen von einem Boden, der reich an Mineralien und farbigem Ton ist.<br \/>\nAusbau und Verfeinerung: 10-monatige Maischeg\u00e4rung in Edelstahlbeh\u00e4ltern mit Batonnage, die bis Dezember auf der Feinhefe erfolgt, gefolgt von einer erneuten G\u00e4rung in der Flasche.<\/p>\n","protected":false},"excerpt":{"rendered":"<p>Die Sangiovese-Trauben werden durch sorgf\u00e4ltige Auswahl der Trauben von Hand gelesen und stammen von einem Boden, der reich an Mineralien und farbigem Ton ist. Ausbau und Verfeinerung: 10-monatige Maischeg\u00e4rung in Edelstahlbeh\u00e4ltern mit Batonnage, die bis Dezember auf der Feinhefe erfolgt, gefolgt von einer erneuten G\u00e4rung in der Flasche.<\/p>\n","protected":false},"featured_media":10925,"template":"","meta":[],"product_brand":[],"product_cat":[180],"product_tag":[],"class_list":{"0":"post-11177","1":"product","2":"type-product","3":"status-publish","4":"has-post-thumbnail","6":"product_cat-sangiovese-de","8":"first","9":"instock","10":"shipping-taxable","11":"purchasable","12":"product-type-variable","13":"has-default-attributes"},"_links":{"self":[{"href":"https:\/\/www.tenutaterravita.it\/de\/wp-json\/wp\/v2\/product\/11177","targetHints":{"allow":["GET"]}}],"collection":[{"href":"https:\/\/www.tenutaterravita.it\/de\/wp-json\/wp\/v2\/product"}],"about":[{"href":"https:\/\/www.tenutaterravita.it\/de\/wp-json\/wp\/v2\/types\/product"}],"wp:featuredmedia":[{"embeddable":true,"href":"https:\/\/www.tenutaterravita.it\/de\/wp-json\/wp\/v2\/media\/10925"}],"wp:attachment":[{"href":"https:\/\/www.tenutaterravita.it\/de\/wp-json\/wp\/v2\/media?parent=11177"}],"wp:term":[{"taxonomy":"product_brand","embeddable":true,"href":"https:\/\/www.tenutaterravita.it\/de\/wp-json\/wp\/v2\/product_brand?post=11177"},{"taxonomy":"product_cat","embeddable":true,"href":"https:\/\/www.tenutaterravita.it\/de\/wp-json\/wp\/v2\/product_cat?post=11177"},{"taxonomy":"product_tag","embeddable":true,"href":"https:\/\/www.tenutaterravita.it\/de\/wp-json\/wp\/v2\/product_tag?post=11177"}],"curies":[{"name":"wp","href":"https:\/\/api.w.org\/{rel}","templated":true}]}}