{"id":11179,"date":"2025-02-21T11:53:11","date_gmt":"2025-02-21T10:53:11","guid":{"rendered":"https:\/\/www.tenutaterravita.it\/prodotto\/bastian\/"},"modified":"2025-04-24T16:56:58","modified_gmt":"2025-04-24T14:56:58","slug":"bastian","status":"publish","type":"product","link":"https:\/\/www.tenutaterravita.it\/de\/prodotto\/bastian\/","title":{"rendered":"Bastian"},"content":{"rendered":"<p>Das Terroir, auf dem die Trebbiano-Trauben wachsen, weist eine gro\u00dfe Temperaturspanne auf, eine nat\u00fcrliche Folge des Vorhandenseins der Fl\u00fcsse Cornia und Milia, die hier zusammenflie\u00dfen und das Gebiet umschlie\u00dfen.<br \/>\nDie Trauben werden von Hand auf einem lehmigen Boden geerntet und anschlie\u00dfend sorgf\u00e4ltig ausgew\u00e4hlt.<br \/>\nDie Handlese und die anschlie\u00dfende sorgf\u00e4ltige Auswahl der Trauben erfolgen zu verschiedenen Zeitpunkten, um eine Vielzahl von Nuancen zu erhalten, die sowohl die Frische als auch die Aromatik hervorheben.<br \/>\nDie Reifung erfolgt 9 Monate lang in Keramikamphoren, wodurch die Eigenschaften und die Reinheit des Trebbiano erhalten bleiben.<br \/>\nSchlie\u00dflich ruht der Wein f\u00fcr weitere 3 Monate in der Flasche.<\/p>\n","protected":false},"excerpt":{"rendered":"<p>Das Terroir, auf dem die Trebbiano-Trauben wachsen, weist eine gro\u00dfe Temperaturspanne auf, eine nat\u00fcrliche Folge des Vorhandenseins der Fl\u00fcsse Cornia und Milia, die hier zusammenflie\u00dfen und das Gebiet umschlie\u00dfen. Die Trauben werden von Hand auf einem lehmigen Boden geerntet und anschlie\u00dfend sorgf\u00e4ltig ausgew\u00e4hlt. Die Handlese und die anschlie\u00dfende sorgf\u00e4ltige Auswahl der Trauben erfolgen zu verschiedenen [&hellip;]<\/p>\n","protected":false},"featured_media":10923,"template":"","meta":[],"product_brand":[],"product_cat":[182],"product_tag":[],"class_list":{"0":"post-11179","1":"product","2":"type-product","3":"status-publish","4":"has-post-thumbnail","6":"product_cat-trebbiano-toscano-de","8":"first","9":"instock","10":"shipping-taxable","11":"purchasable","12":"product-type-variable","13":"has-default-attributes"},"_links":{"self":[{"href":"https:\/\/www.tenutaterravita.it\/de\/wp-json\/wp\/v2\/product\/11179","targetHints":{"allow":["GET"]}}],"collection":[{"href":"https:\/\/www.tenutaterravita.it\/de\/wp-json\/wp\/v2\/product"}],"about":[{"href":"https:\/\/www.tenutaterravita.it\/de\/wp-json\/wp\/v2\/types\/product"}],"wp:featuredmedia":[{"embeddable":true,"href":"https:\/\/www.tenutaterravita.it\/de\/wp-json\/wp\/v2\/media\/10923"}],"wp:attachment":[{"href":"https:\/\/www.tenutaterravita.it\/de\/wp-json\/wp\/v2\/media?parent=11179"}],"wp:term":[{"taxonomy":"product_brand","embeddable":true,"href":"https:\/\/www.tenutaterravita.it\/de\/wp-json\/wp\/v2\/product_brand?post=11179"},{"taxonomy":"product_cat","embeddable":true,"href":"https:\/\/www.tenutaterravita.it\/de\/wp-json\/wp\/v2\/product_cat?post=11179"},{"taxonomy":"product_tag","embeddable":true,"href":"https:\/\/www.tenutaterravita.it\/de\/wp-json\/wp\/v2\/product_tag?post=11179"}],"curies":[{"name":"wp","href":"https:\/\/api.w.org\/{rel}","templated":true}]}}