{"id":11185,"date":"2025-02-21T11:42:56","date_gmt":"2025-02-21T10:42:56","guid":{"rendered":"https:\/\/www.tenutaterravita.it\/prodotto\/solerica\/"},"modified":"2025-06-11T12:22:56","modified_gmt":"2025-06-11T10:22:56","slug":"solerica","status":"publish","type":"product","link":"https:\/\/www.tenutaterravita.it\/de\/prodotto\/solerica\/","title":{"rendered":"SoleRica"},"content":{"rendered":"<p><span style=\"color: #993300;\"><strong>Rebsorte<\/strong><\/span><br \/>\nDie Trauben werden durch sorgf\u00e4ltige Selektion von Hand geerntet, auf B\u00f6den, die reich an Mineralien und farbigem Ton sind.<br \/>\n<strong>2021<\/strong>: Cabernet Sauvignon, Merlot<br \/>\n<strong>2022<\/strong>: Cabernet Sauvignon, Cabernet Franc.<\/p>\n<p><strong><span style=\"color: #993300;\">Weinbereitung<\/span><\/strong><br \/>\nTraditionell mit einheimischen Hefen<br \/>\n<span style=\"color: #993300;\"><strong>Reifung und Alterung<\/strong><\/span><br \/>\n<strong>2021<\/strong>: 30 Tage Maischeg\u00e4rung auf den Schalen, 8 Monate in franz\u00f6sischen Eichenf\u00e4ssern, dann 10 Monate in Zement, 1 Jahr in der Flasche.<br \/>\n<strong>2022<\/strong>: 5 Tage Mazeration auf den Schalen, 8 Monate in Amphore, dann 10 Monate in Zement, danach 6 Monate in der Flasche.<\/p>\n","protected":false},"excerpt":{"rendered":"<p>Rebsorte Die Trauben werden durch sorgf\u00e4ltige Selektion von Hand geerntet, auf B\u00f6den, die reich an Mineralien und farbigem Ton sind. 2021: Cabernet Sauvignon, Merlot 2022: Cabernet Sauvignon, Cabernet Franc. Weinbereitung Traditionell mit einheimischen Hefen Reifung und Alterung 2021: 30 Tage Maischeg\u00e4rung auf den Schalen, 8 Monate in franz\u00f6sischen Eichenf\u00e4ssern, dann 10 Monate in Zement, 1 [&hellip;]<\/p>\n","protected":false},"featured_media":10919,"template":"","meta":[],"product_brand":[],"product_cat":[186,187],"product_tag":[],"class_list":{"0":"post-11185","1":"product","2":"type-product","3":"status-publish","4":"has-post-thumbnail","6":"product_cat-cabernet-franc-de","7":"product_cat-cabernet-sauvignon-de","9":"first","10":"instock","11":"shipping-taxable","12":"purchasable","13":"product-type-variable","14":"has-default-attributes"},"_links":{"self":[{"href":"https:\/\/www.tenutaterravita.it\/de\/wp-json\/wp\/v2\/product\/11185","targetHints":{"allow":["GET"]}}],"collection":[{"href":"https:\/\/www.tenutaterravita.it\/de\/wp-json\/wp\/v2\/product"}],"about":[{"href":"https:\/\/www.tenutaterravita.it\/de\/wp-json\/wp\/v2\/types\/product"}],"wp:featuredmedia":[{"embeddable":true,"href":"https:\/\/www.tenutaterravita.it\/de\/wp-json\/wp\/v2\/media\/10919"}],"wp:attachment":[{"href":"https:\/\/www.tenutaterravita.it\/de\/wp-json\/wp\/v2\/media?parent=11185"}],"wp:term":[{"taxonomy":"product_brand","embeddable":true,"href":"https:\/\/www.tenutaterravita.it\/de\/wp-json\/wp\/v2\/product_brand?post=11185"},{"taxonomy":"product_cat","embeddable":true,"href":"https:\/\/www.tenutaterravita.it\/de\/wp-json\/wp\/v2\/product_cat?post=11185"},{"taxonomy":"product_tag","embeddable":true,"href":"https:\/\/www.tenutaterravita.it\/de\/wp-json\/wp\/v2\/product_tag?post=11185"}],"curies":[{"name":"wp","href":"https:\/\/api.w.org\/{rel}","templated":true}]}}