{"id":11188,"date":"2025-02-20T12:13:53","date_gmt":"2025-02-20T11:13:53","guid":{"rendered":"https:\/\/www.tenutaterravita.it\/prodotto\/aimat\/"},"modified":"2025-04-24T17:24:17","modified_gmt":"2025-04-24T15:24:17","slug":"aimat","status":"publish","type":"product","link":"https:\/\/www.tenutaterravita.it\/de\/prodotto\/aimat\/","title":{"rendered":"AiMat"},"content":{"rendered":"<p>Die Sangiovese-Trauben werden von Hand geerntet, von B\u00f6den, die reich an Mineralien und farbigem Lehm sind, durch sorgf\u00e4ltige Auswahl der Trauben.<br \/>\n<strong>Weinbereitung und Ausbau<\/strong>: 60 Tage Mazeration auf den Schalen (Einmaischung), dann Reifung in Amphoren f\u00fcr 6 Monate; schlie\u00dflich Reifung in Zement f\u00fcr ein Jahr.<br \/>\n<strong>Reifung<\/strong>: in der Flasche f\u00fcr 6 Monate.<\/p>\n","protected":false},"excerpt":{"rendered":"<p>Die Sangiovese-Trauben werden von Hand geerntet, von B\u00f6den, die reich an Mineralien und farbigem Lehm sind, durch sorgf\u00e4ltige Auswahl der Trauben. Weinbereitung und Ausbau: 60 Tage Mazeration auf den Schalen (Einmaischung), dann Reifung in Amphoren f\u00fcr 6 Monate; schlie\u00dflich Reifung in Zement f\u00fcr ein Jahr. Reifung: in der Flasche f\u00fcr 6 Monate.<\/p>\n","protected":false},"featured_media":10917,"template":"","meta":[],"product_brand":[],"product_cat":[180],"product_tag":[],"class_list":{"0":"post-11188","1":"product","2":"type-product","3":"status-publish","4":"has-post-thumbnail","6":"product_cat-sangiovese-de","8":"first","9":"instock","10":"shipping-taxable","11":"purchasable","12":"product-type-variable","13":"has-default-attributes"},"_links":{"self":[{"href":"https:\/\/www.tenutaterravita.it\/de\/wp-json\/wp\/v2\/product\/11188","targetHints":{"allow":["GET"]}}],"collection":[{"href":"https:\/\/www.tenutaterravita.it\/de\/wp-json\/wp\/v2\/product"}],"about":[{"href":"https:\/\/www.tenutaterravita.it\/de\/wp-json\/wp\/v2\/types\/product"}],"wp:featuredmedia":[{"embeddable":true,"href":"https:\/\/www.tenutaterravita.it\/de\/wp-json\/wp\/v2\/media\/10917"}],"wp:attachment":[{"href":"https:\/\/www.tenutaterravita.it\/de\/wp-json\/wp\/v2\/media?parent=11188"}],"wp:term":[{"taxonomy":"product_brand","embeddable":true,"href":"https:\/\/www.tenutaterravita.it\/de\/wp-json\/wp\/v2\/product_brand?post=11188"},{"taxonomy":"product_cat","embeddable":true,"href":"https:\/\/www.tenutaterravita.it\/de\/wp-json\/wp\/v2\/product_cat?post=11188"},{"taxonomy":"product_tag","embeddable":true,"href":"https:\/\/www.tenutaterravita.it\/de\/wp-json\/wp\/v2\/product_tag?post=11188"}],"curies":[{"name":"wp","href":"https:\/\/api.w.org\/{rel}","templated":true}]}}